{"id":5570,"date":"2025-02-05T13:46:39","date_gmt":"2025-02-05T11:46:39","guid":{"rendered":"https:\/\/sansa.diglab.ch\/panorama\/"},"modified":"2025-09-23T14:38:05","modified_gmt":"2025-09-23T12:38:05","slug":"panorama","status":"publish","type":"page","link":"https:\/\/www.montesansalvatore.ch\/fr\/mont-san-salvatore\/panorama\/","title":{"rendered":"Panorama"},"content":{"rendered":"<p><div class=\"fusion-fullwidth fullwidth-box fusion-builder-row-1 fusion-flex-container has-pattern-background has-mask-background nonhundred-percent-fullwidth non-hundred-percent-height-scrolling\" style=\"--awb-border-color:var(--awb-color1);--awb-border-radius-top-left:0px;--awb-border-radius-top-right:0px;--awb-border-radius-bottom-right:0px;--awb-border-radius-bottom-left:0px;--awb-padding-top:100px;--awb-padding-bottom:50px;--awb-padding-top-medium:100px;--awb-padding-bottom-medium:100px;--awb-padding-top-small:100px;--awb-padding-bottom-small:100px;--awb-margin-bottom:100px;--awb-flex-wrap:wrap;\" ><div class=\"fusion-builder-row fusion-row fusion-flex-align-items-flex-start fusion-flex-content-wrap\" style=\"max-width:1365px;margin-left: calc(-5% \/ 2 );margin-right: calc(-5% \/ 2 );\"><div class=\"fusion-layout-column fusion_builder_column fusion-builder-column-0 fusion_builder_column_1_1 1_1 fusion-flex-column\" style=\"--awb-bg-color:rgba(239,239,239,0);--awb-bg-color-hover:rgba(239,239,239,0);--awb-bg-size:cover;--awb-width-large:100%;--awb-margin-top-large:0px;--awb-spacing-right-large:2.375%;--awb-margin-bottom-large:20px;--awb-spacing-left-large:2.375%;--awb-width-medium:100%;--awb-order-medium:0;--awb-spacing-right-medium:2.375%;--awb-spacing-left-medium:2.375%;--awb-width-small:100%;--awb-order-small:0;--awb-spacing-right-small:2.375%;--awb-spacing-left-small:2.375%;\" data-scroll-devices=\"small-visibility,medium-visibility,large-visibility\"><div class=\"fusion-column-wrapper fusion-column-has-shadow fusion-flex-justify-content-flex-start fusion-content-layout-column\"><div class=\"fusion-text fusion-text-1\" style=\"--awb-text-color:var(--awb-color5);\"><h1>Panorama<\/h1>\n<\/div><div class=\"fusion-separator fusion-full-width-sep\" style=\"align-self: center;margin-left: auto;margin-right: auto;margin-top:30px;width:100%;\"><\/div>\n<\/div><\/div><div class=\"fusion-layout-column fusion_builder_column fusion-builder-column-1 fusion_builder_column_1_2 1_2 fusion-flex-column\" style=\"--awb-bg-color:rgba(239,239,239,0);--awb-bg-color-hover:rgba(239,239,239,0);--awb-bg-size:cover;--awb-width-large:50%;--awb-margin-top-large:0px;--awb-spacing-right-large:50px;--awb-margin-bottom-large:20px;--awb-spacing-left-large:4.75%;--awb-width-medium:50%;--awb-order-medium:0;--awb-spacing-right-medium:50px;--awb-spacing-left-medium:4.75%;--awb-width-small:100%;--awb-order-small:0;--awb-spacing-right-small:2.375%;--awb-spacing-left-small:2.375%;\" data-scroll-devices=\"small-visibility,medium-visibility,large-visibility\"><div class=\"fusion-column-wrapper fusion-column-has-shadow fusion-flex-justify-content-flex-start fusion-content-layout-column\"><div class=\"fusion-text fusion-text-2\"><p><em>\u201cIl faut avoir \u00e9t\u00e9 personnellement sur ces sommets pour se faire une id\u00e9e de leur grandiose splendeur, et on tiendra alors cet instant pour une des heures les plus belles et les plus inoubliables de sa vie.\u201d<\/em><\/p>\n<p>C. C. Lorenz Hirschfeld.<\/p>\n<p>Le paysage naturel est un spectacle \u00e9mouvant qui fait na\u00eetre en nous des sensations infinies et des sentiments d\u2019unit\u00e9 et de totalit\u00e9. Depuis le sommet du San Salvatore la vue est particuli\u00e8rement grandiose, car elle s\u2019\u00e9tend \u00e0 360 degr\u00e9s.<\/p>\n<\/div><\/div><\/div><div class=\"fusion-layout-column fusion_builder_column fusion-builder-column-2 fusion_builder_column_1_2 1_2 fusion-flex-column\" style=\"--awb-bg-color:rgba(239,239,239,0);--awb-bg-color-hover:rgba(239,239,239,0);--awb-bg-size:cover;--awb-width-large:50%;--awb-margin-top-large:0px;--awb-spacing-right-large:50px;--awb-margin-bottom-large:100px;--awb-spacing-left-large:4.75%;--awb-width-medium:50%;--awb-order-medium:0;--awb-spacing-right-medium:50px;--awb-spacing-left-medium:4.75%;--awb-width-small:100%;--awb-order-small:0;--awb-spacing-right-small:2.375%;--awb-spacing-left-small:2.375%;\" data-scroll-devices=\"small-visibility,medium-visibility,large-visibility\"><div class=\"fusion-column-wrapper fusion-column-has-shadow fusion-flex-justify-content-flex-start fusion-content-layout-column\"><div class=\"awb-gallery-wrapper awb-gallery-wrapper-1 button-span-no\" style=\"--more-btn-alignment:center;\" data-limit=\"10\" data-page=\"1\"><div style=\"margin:-5px;--awb-aspect-ratio:1 \/ 1;--awb-bordersize:0px;--awb-border-radius:20px;--awb-columns-medium:33.3333%;--awb-columns-small:33.3333%;\" class=\"fusion-gallery fusion-gallery-container fusion-grid-3 fusion-columns-total-6 fusion-gallery-layout-grid fusion-gallery-1 has-aspect-ratio\"><div style=\"padding:5px;\" class=\"fusion-grid-column fusion-gallery-column fusion-gallery-column-3\"><div class=\"fusion-gallery-image fusion-gallery-image-liftup\"><a href=\"https:\/\/www.montesansalvatore.ch\/wp-content\/uploads\/2025\/01\/20170701115219_MiloZanecchia_00354.jpg\" rel=\"noreferrer\" data-rel=\"iLightbox[gallery_image_1]\" class=\"fusion-lightbox\" target=\"_self\"><img decoding=\"async\" src=\"https:\/\/www.montesansalvatore.ch\/wp-content\/uploads\/2025\/01\/20170701115219_MiloZanecchia_00354-460x295.jpg\" width=\"460\" height=\"295\" alt=\"\" title=\"20170701115219_MiloZanecchia_00354\" aria-label=\"20170701115219_MiloZanecchia_00354\" class=\"img-responsive wp-image-4069 fusion-gallery-image-size-fixed\"  \/><\/a><\/div><\/div><div style=\"padding:5px;\" class=\"fusion-grid-column fusion-gallery-column fusion-gallery-column-3\"><div class=\"fusion-gallery-image fusion-gallery-image-liftup\"><a href=\"https:\/\/www.montesansalvatore.ch\/wp-content\/uploads\/2025\/02\/Tramonto_1-2f.jpg\" rel=\"noreferrer\" data-rel=\"iLightbox[gallery_image_1]\" class=\"fusion-lightbox\" target=\"_self\"><img decoding=\"async\" src=\"https:\/\/www.montesansalvatore.ch\/wp-content\/uploads\/2025\/02\/Tramonto_1-2f-460x295.jpg\" width=\"460\" height=\"295\" alt=\"\" title=\"Tramonto_1 (2f)\" aria-label=\"Tramonto_1 (2f)\" class=\"img-responsive wp-image-4140 fusion-gallery-image-size-fixed\"  \/><\/a><\/div><\/div><div style=\"padding:5px;\" class=\"fusion-grid-column fusion-gallery-column fusion-gallery-column-3\"><div class=\"fusion-gallery-image fusion-gallery-image-liftup\"><a href=\"https:\/\/www.montesansalvatore.ch\/wp-content\/uploads\/2025\/02\/sansalvatore-invetno.jpg\" rel=\"noreferrer\" data-rel=\"iLightbox[gallery_image_1]\" class=\"fusion-lightbox\" target=\"_self\"><img decoding=\"async\" src=\"https:\/\/www.montesansalvatore.ch\/wp-content\/uploads\/2025\/02\/sansalvatore-invetno-460x295.jpg\" width=\"460\" height=\"295\" alt=\"\" title=\"sansalvatore-invetno\" aria-label=\"sansalvatore-invetno\" class=\"img-responsive wp-image-4141 fusion-gallery-image-size-fixed\"  \/><\/a><\/div><\/div><div class=\"clearfix\"><\/div><div style=\"padding:5px;\" class=\"fusion-grid-column fusion-gallery-column fusion-gallery-column-3\"><div class=\"fusion-gallery-image fusion-gallery-image-liftup\"><a href=\"https:\/\/www.montesansalvatore.ch\/wp-content\/uploads\/2025\/02\/in-vetta.webp\" rel=\"noreferrer\" data-rel=\"iLightbox[gallery_image_1]\" class=\"fusion-lightbox\" target=\"_self\"><img decoding=\"async\" src=\"https:\/\/www.montesansalvatore.ch\/wp-content\/uploads\/2025\/02\/in-vetta-460x295.webp\" width=\"460\" height=\"295\" alt=\"\" title=\"in-vetta\" aria-label=\"in-vetta\" class=\"img-responsive wp-image-4143 fusion-gallery-image-size-fixed\"  \/><\/a><\/div><\/div><div style=\"padding:5px;\" class=\"fusion-grid-column fusion-gallery-column fusion-gallery-column-3\"><div class=\"fusion-gallery-image fusion-gallery-image-liftup\"><a href=\"https:\/\/www.montesansalvatore.ch\/wp-content\/uploads\/2025\/02\/panorama.jpg\" rel=\"noreferrer\" data-rel=\"iLightbox[gallery_image_1]\" class=\"fusion-lightbox\" target=\"_self\"><img decoding=\"async\" src=\"https:\/\/www.montesansalvatore.ch\/wp-content\/uploads\/2025\/02\/panorama-460x295.jpg\" width=\"460\" height=\"295\" alt=\"\" title=\"panorama\" aria-label=\"panorama\" class=\"img-responsive wp-image-4144 fusion-gallery-image-size-fixed\"  \/><\/a><\/div><\/div><div style=\"padding:5px;\" class=\"fusion-grid-column fusion-gallery-column fusion-gallery-column-3\"><div class=\"fusion-gallery-image fusion-gallery-image-liftup\"><a href=\"https:\/\/www.montesansalvatore.ch\/wp-content\/uploads\/2025\/02\/bg.jpg\" rel=\"noreferrer\" data-rel=\"iLightbox[gallery_image_1]\" class=\"fusion-lightbox\" target=\"_self\"><img decoding=\"async\" src=\"https:\/\/www.montesansalvatore.ch\/wp-content\/uploads\/2025\/02\/bg-460x295.jpg\" width=\"460\" height=\"295\" alt=\"\" title=\"bg\" aria-label=\"bg\" class=\"img-responsive wp-image-3605 fusion-gallery-image-size-fixed\"  \/><\/a><\/div><\/div><div class=\"clearfix\"><\/div><\/div><\/div><\/div><\/div><div class=\"fusion-layout-column fusion_builder_column fusion-builder-column-3 fusion_builder_column_1_2 1_2 fusion-flex-column\" style=\"--awb-bg-color:rgba(239,239,239,0);--awb-bg-color-hover:rgba(239,239,239,0);--awb-bg-size:cover;--awb-width-large:50%;--awb-margin-top-large:0px;--awb-spacing-right-large:50px;--awb-margin-bottom-large:20px;--awb-spacing-left-large:4.75%;--awb-width-medium:50%;--awb-order-medium:0;--awb-spacing-right-medium:50px;--awb-spacing-left-medium:4.75%;--awb-width-small:100%;--awb-order-small:0;--awb-spacing-right-small:2.375%;--awb-spacing-left-small:2.375%;\" data-scroll-devices=\"small-visibility,medium-visibility,large-visibility\"><div class=\"fusion-column-wrapper fusion-column-has-shadow fusion-flex-justify-content-flex-start fusion-content-layout-column\"><div class=\"fusion-image-element \" style=\"--awb-caption-title-font-family:var(--h2_typography-font-family);--awb-caption-title-font-weight:var(--h2_typography-font-weight);--awb-caption-title-font-style:var(--h2_typography-font-style);--awb-caption-title-size:var(--h2_typography-font-size);--awb-caption-title-transform:var(--h2_typography-text-transform);--awb-caption-title-line-height:var(--h2_typography-line-height);--awb-caption-title-letter-spacing:var(--h2_typography-letter-spacing);\"><span class=\" fusion-imageframe imageframe-none imageframe-1 hover-type-none\" style=\"border-radius:20px;\"><img decoding=\"async\" width=\"1000\" height=\"667\" title=\"exploratorio_ch_ah3t0588_2\" src=\"https:\/\/www.montesansalvatore.ch\/wp-content\/uploads\/2025\/02\/exploratorio_ch_ah3t0588_2.jpg\" data-orig-src=\"https:\/\/www.montesansalvatore.ch\/wp-content\/uploads\/2025\/02\/exploratorio_ch_ah3t0588_2.jpg\" alt class=\"lazyload img-responsive wp-image-4514\" srcset=\"data:image\/svg+xml,%3Csvg%20xmlns%3D%27http%3A%2F%2Fwww.w3.org%2F2000%2Fsvg%27%20width%3D%271000%27%20height%3D%27667%27%20viewBox%3D%270%200%201000%20667%27%3E%3Crect%20width%3D%271000%27%20height%3D%27667%27%20fill-opacity%3D%220%22%2F%3E%3C%2Fsvg%3E\" data-srcset=\"https:\/\/www.montesansalvatore.ch\/wp-content\/uploads\/2025\/02\/exploratorio_ch_ah3t0588_2-200x133.jpg 200w, https:\/\/www.montesansalvatore.ch\/wp-content\/uploads\/2025\/02\/exploratorio_ch_ah3t0588_2-400x267.jpg 400w, https:\/\/www.montesansalvatore.ch\/wp-content\/uploads\/2025\/02\/exploratorio_ch_ah3t0588_2-600x400.jpg 600w, https:\/\/www.montesansalvatore.ch\/wp-content\/uploads\/2025\/02\/exploratorio_ch_ah3t0588_2-800x534.jpg 800w, https:\/\/www.montesansalvatore.ch\/wp-content\/uploads\/2025\/02\/exploratorio_ch_ah3t0588_2.jpg 1000w\" data-sizes=\"auto\" data-orig-sizes=\"(max-width: 1000px) 100vw, 600px\" \/><\/span><\/div><div class=\"fusion-text fusion-text-3\"><h3>Terrasse Capodoro<\/h3>\n<p>En plus des points de vue existants, le visiteur a acc\u00e8s \u00e0 une terrasse exclusive \u00e0 proximit\u00e9 du Restaurant Vetta qui tourne comme un \u00abjoyau de la couronne \u00bb au sud.<\/p>\n<p>Il est un place panoramique r\u00e9nov\u00e9, spectaculaire, bien entretenu, s\u00fbr et toujours accessible, qui aussi gr\u00e2ce \u00e0 des panneaux informatifs avec des cartes g\u00e9ographiques satellites serve comme un point de rencontre pour les visiteurs de la destination.<\/p>\n<\/div><\/div><\/div><div class=\"fusion-layout-column fusion_builder_column fusion-builder-column-4 fusion_builder_column_1_2 1_2 fusion-flex-column\" style=\"--awb-bg-color:rgba(239,239,239,0);--awb-bg-color-hover:rgba(239,239,239,0);--awb-bg-size:cover;--awb-width-large:50%;--awb-margin-top-large:0px;--awb-spacing-right-large:50px;--awb-margin-bottom-large:20px;--awb-spacing-left-large:4.75%;--awb-width-medium:50%;--awb-order-medium:0;--awb-spacing-right-medium:50px;--awb-spacing-left-medium:4.75%;--awb-width-small:100%;--awb-order-small:0;--awb-spacing-right-small:2.375%;--awb-spacing-left-small:2.375%;\" data-scroll-devices=\"small-visibility,medium-visibility,large-visibility\"><div class=\"fusion-column-wrapper fusion-column-has-shadow fusion-flex-justify-content-flex-start fusion-content-layout-column\"><div class=\"fusion-image-element \" style=\"--awb-caption-title-font-family:var(--h2_typography-font-family);--awb-caption-title-font-weight:var(--h2_typography-font-weight);--awb-caption-title-font-style:var(--h2_typography-font-style);--awb-caption-title-size:var(--h2_typography-font-size);--awb-caption-title-transform:var(--h2_typography-text-transform);--awb-caption-title-line-height:var(--h2_typography-line-height);--awb-caption-title-letter-spacing:var(--h2_typography-letter-spacing);\"><span class=\" fusion-imageframe imageframe-none imageframe-2 hover-type-none\" style=\"border-radius:20px;\"><img decoding=\"async\" width=\"1000\" height=\"667\" title=\"2020-fss-foto-concerto-alba-0055_3\" src=\"https:\/\/www.montesansalvatore.ch\/wp-content\/uploads\/2025\/02\/2020-fss-foto-concerto-alba-0055_3.jpg\" data-orig-src=\"https:\/\/www.montesansalvatore.ch\/wp-content\/uploads\/2025\/02\/2020-fss-foto-concerto-alba-0055_3.jpg\" alt class=\"lazyload img-responsive wp-image-4517\" srcset=\"data:image\/svg+xml,%3Csvg%20xmlns%3D%27http%3A%2F%2Fwww.w3.org%2F2000%2Fsvg%27%20width%3D%271000%27%20height%3D%27667%27%20viewBox%3D%270%200%201000%20667%27%3E%3Crect%20width%3D%271000%27%20height%3D%27667%27%20fill-opacity%3D%220%22%2F%3E%3C%2Fsvg%3E\" data-srcset=\"https:\/\/www.montesansalvatore.ch\/wp-content\/uploads\/2025\/02\/2020-fss-foto-concerto-alba-0055_3-200x133.jpg 200w, https:\/\/www.montesansalvatore.ch\/wp-content\/uploads\/2025\/02\/2020-fss-foto-concerto-alba-0055_3-400x267.jpg 400w, https:\/\/www.montesansalvatore.ch\/wp-content\/uploads\/2025\/02\/2020-fss-foto-concerto-alba-0055_3-600x400.jpg 600w, https:\/\/www.montesansalvatore.ch\/wp-content\/uploads\/2025\/02\/2020-fss-foto-concerto-alba-0055_3-800x534.jpg 800w, https:\/\/www.montesansalvatore.ch\/wp-content\/uploads\/2025\/02\/2020-fss-foto-concerto-alba-0055_3.jpg 1000w\" data-sizes=\"auto\" data-orig-sizes=\"(max-width: 1000px) 100vw, 600px\" \/><\/span><\/div><div class=\"fusion-text fusion-text-4\"><h3>Freezy Frame, con Recogn.ice<\/h3>\n<p>Depuis la mi-juillet 2020, un cadre jaune \u2013 surnomm\u00e9 Freezy Frame \u2013 vous permet de mieux admirer le panorama spectaculaire qui s\u2019\u00e9tend des Alpes du Pi\u00e9mont aux Alpes pennines de la Suisse. Au total, 16 glaciers peuvent \u00eatre observ\u00e9s depuis notre terrasse.<\/p>\n<p>L\u2019objectif de cette collaboration avec l\u2019ONG suisse Recogn.ice est de comprendre la pr\u00e9sence et l\u2019importance de la cryosph\u00e8re, c\u2019est-\u00e0-dire la surface de la terre couverte de glace, et de sensibiliser \u00e0 sa fonte probl\u00e9matique. Observez et posez avec ces glaciers \u00e0 travers le cadre et partagez vos photos sur les r\u00e9seaux sociaux avec le hashtag #recognice et #montesansalvatore !<\/p>\n<p>Pour en savoir plus sur ces glaciers, leur \u00e9tymologie et leur \u00e9volution, consultez le site web d\u00e9di\u00e9 de Recogn.ice : <a href=\"https:\/\/www.recognice.org\/sansalvatore\/\" target=\"_blank\" rel=\"noopener noreferrer\">www.recognice.org\/sansalvatore\/<\/a><\/p>\n<\/div><\/div><\/div><\/div><\/div><div class=\"fusion-fullwidth fullwidth-box fusion-builder-row-2 fusion-flex-container has-pattern-background has-mask-background nonhundred-percent-fullwidth non-hundred-percent-height-scrolling\" style=\"--awb-border-color:var(--awb-color1);--awb-border-radius-top-left:0px;--awb-border-radius-top-right:0px;--awb-border-radius-bottom-right:0px;--awb-border-radius-bottom-left:0px;--awb-padding-bottom:100px;--awb-padding-top-medium:100px;--awb-padding-bottom-medium:100px;--awb-padding-top-small:100px;--awb-padding-bottom-small:100px;--awb-flex-wrap:wrap;\" ><div class=\"fusion-builder-row fusion-row fusion-flex-align-items-stretch fusion-flex-content-wrap\" style=\"max-width:1365px;margin-left: calc(-5% \/ 2 );margin-right: calc(-5% \/ 2 );\"><div class=\"fusion-layout-column fusion_builder_column fusion-builder-column-5 fusion_builder_column_1_1 1_1 fusion-flex-column\" style=\"--awb-padding-top:50px;--awb-padding-right:50px;--awb-padding-bottom:50px;--awb-padding-left:50px;--awb-bg-color:var(--awb-color1);--awb-bg-color-hover:var(--awb-color1);--awb-bg-image:linear-gradient(180deg, rgba(255,255,255,0.4) 0%,rgba(255,255,255,0.4) 100%);;--awb-bg-size:cover;--awb-width-large:100%;--awb-margin-top-large:0px;--awb-spacing-right-large:30px;--awb-margin-bottom-large:20px;--awb-spacing-left-large:2.375%;--awb-width-medium:100%;--awb-order-medium:0;--awb-spacing-right-medium:30px;--awb-spacing-left-medium:2.375%;--awb-width-small:100%;--awb-order-small:0;--awb-spacing-right-small:2.375%;--awb-spacing-left-small:2.375%;\" data-scroll-devices=\"small-visibility,medium-visibility,large-visibility\"><div class=\"fusion-column-wrapper lazyload fusion-column-has-shadow fusion-flex-justify-content-flex-start fusion-content-layout-column fusion-column-has-bg-image\" data-bg-url=\"https:\/\/www.montesansalvatore.ch\/wp-content\/uploads\/2025\/01\/sfondo-ondulato-k35-scaled.jpg\" data-bg=\"https:\/\/www.montesansalvatore.ch\/wp-content\/uploads\/2025\/01\/sfondo-ondulato-k35-scaled.jpg\" data-bg-gradient=\"linear-gradient(180deg, rgba(255,255,255,0.4) 0%,rgba(255,255,255,0.4) 100%)\"><div class=\"fusion-title title fusion-title-1 fusion-sep-none fusion-title-text fusion-title-size-two\" style=\"--awb-text-color:var(--awb-color5);--awb-margin-top-small:10px;--awb-margin-right-small:0px;--awb-margin-bottom-small:10px;--awb-margin-left-small:0px;\"><h2 class=\"fusion-title-heading title-heading-left fusion-responsive-typography-calculated\" style=\"margin:0;--fontSize:64;line-height:var(--awb-typography1-line-height);\">Informations utiles<\/h2><\/div><div class=\"fusion-separator fusion-full-width-sep\" style=\"align-self: center;margin-left: auto;margin-right: auto;margin-top:30px;width:100%;\"><\/div><div class=\"fusion-builder-row fusion-builder-row-inner fusion-row fusion-flex-align-items-stretch fusion-flex-content-wrap\" style=\"--awb-flex-grow:0;--awb-flex-grow-medium:0;--awb-flex-grow-small:0;--awb-flex-shrink:0;--awb-flex-shrink-medium:0;--awb-flex-shrink-small:0;width:105% !important;max-width:105% !important;margin-left: calc(-5% \/ 2 );margin-right: calc(-5% \/ 2 );\"><div class=\"fusion-layout-column fusion_builder_column_inner fusion-builder-nested-column-0 fusion_builder_column_inner_1_2 1_2 fusion-flex-column\" style=\"--awb-bg-size:cover;--awb-width-large:50%;--awb-margin-top-large:0px;--awb-spacing-right-large:4.75%;--awb-margin-bottom-large:20px;--awb-spacing-left-large:4.75%;--awb-width-medium:50%;--awb-order-medium:0;--awb-spacing-right-medium:4.75%;--awb-spacing-left-medium:4.75%;--awb-width-small:100%;--awb-order-small:0;--awb-spacing-right-small:2.375%;--awb-spacing-left-small:2.375%;\" data-scroll-devices=\"small-visibility,medium-visibility,large-visibility\"><div class=\"fusion-column-wrapper fusion-column-has-shadow fusion-flex-justify-content-flex-start fusion-content-layout-column\"><div class=\"fusion-text fusion-text-5\"><h3>Pour informations et questions<\/h3>\n<p>Funicolare Monte San Salvatore SA<br \/>\nVia delle scuole 7 \/ CP 442<br \/>\nCH-6902 Lugano-Paradiso<\/p>\n<p><a href=\"tel:0041919852828\"><strong>+41 91 985 28 28<\/strong><\/a><br \/>\n<a href=\"mailto:info@montesansalvatore.ch\"><strong>info@montesansalvatore.ch<\/strong><\/a><\/p>\n<\/div><\/div><\/div><div class=\"fusion-layout-column fusion_builder_column_inner fusion-builder-nested-column-1 fusion_builder_column_inner_1_2 1_2 fusion-flex-column\" style=\"--awb-bg-size:cover;--awb-width-large:50%;--awb-margin-top-large:0px;--awb-spacing-right-large:4.75%;--awb-margin-bottom-large:20px;--awb-spacing-left-large:4.75%;--awb-width-medium:50%;--awb-order-medium:0;--awb-spacing-right-medium:4.75%;--awb-spacing-left-medium:4.75%;--awb-width-small:100%;--awb-order-small:0;--awb-spacing-right-small:2.375%;--awb-spacing-left-small:2.375%;\" data-scroll-devices=\"small-visibility,medium-visibility,large-visibility\"><div class=\"fusion-column-wrapper fusion-column-has-shadow fusion-flex-justify-content-flex-start fusion-content-layout-column\"><div class=\"fusion-text fusion-text-6\"><h3>T\u00e9l\u00e9chargements et liens<\/h3>\n<p><a href=\"https:\/\/www.montesansalvatore.ch\/fr\/horaires-et-tarifs\/\"><strong>Horaires et tarifs<\/strong><\/a><br \/>\n<a href=\"\/wp-content\/uploads\/2025\/09\/video-panoramico.mp4\" target=\"_blank\" rel=\"noopener\"><strong>Vid\u00e9o panoramique<\/strong><\/a><br \/>\n<a href=\"\/wp-content\/uploads\/2025\/09\/video-panoramico-sera.mp4\" target=\"_blank\" rel=\"noopener\"><strong>Vid\u00e9o panoramicque soir<\/strong><\/a><br \/>\n<a href=\"https:\/\/www.montesansalvatore.ch\/fr\/webcam\/\" target=\"_blank\" rel=\"noopener\"><strong>Webcam<\/strong><\/a><\/p>\n<\/div><\/div><\/div><\/div><\/div><\/div><\/div><\/div><\/p>\n","protected":false},"excerpt":{"rendered":"","protected":false},"author":1,"featured_media":5171,"parent":5573,"menu_order":0,"comment_status":"closed","ping_status":"closed","template":"100-width.php","meta":{"footnotes":""},"class_list":["post-5570","page","type-page","status-publish","has-post-thumbnail","hentry"],"publishpress_future_workflow_manual_trigger":{"enabledWorkflows":[]},"_links":{"self":[{"href":"https:\/\/www.montesansalvatore.ch\/fr\/wp-json\/wp\/v2\/pages\/5570","targetHints":{"allow":["GET"]}}],"collection":[{"href":"https:\/\/www.montesansalvatore.ch\/fr\/wp-json\/wp\/v2\/pages"}],"about":[{"href":"https:\/\/www.montesansalvatore.ch\/fr\/wp-json\/wp\/v2\/types\/page"}],"author":[{"embeddable":true,"href":"https:\/\/www.montesansalvatore.ch\/fr\/wp-json\/wp\/v2\/users\/1"}],"replies":[{"embeddable":true,"href":"https:\/\/www.montesansalvatore.ch\/fr\/wp-json\/wp\/v2\/comments?post=5570"}],"version-history":[{"count":3,"href":"https:\/\/www.montesansalvatore.ch\/fr\/wp-json\/wp\/v2\/pages\/5570\/revisions"}],"predecessor-version":[{"id":8781,"href":"https:\/\/www.montesansalvatore.ch\/fr\/wp-json\/wp\/v2\/pages\/5570\/revisions\/8781"}],"up":[{"embeddable":true,"href":"https:\/\/www.montesansalvatore.ch\/fr\/wp-json\/wp\/v2\/pages\/5573"}],"wp:featuredmedia":[{"embeddable":true,"href":"https:\/\/www.montesansalvatore.ch\/fr\/wp-json\/wp\/v2\/media\/5171"}],"wp:attachment":[{"href":"https:\/\/www.montesansalvatore.ch\/fr\/wp-json\/wp\/v2\/media?parent=5570"}],"curies":[{"name":"wp","href":"https:\/\/api.w.org\/{rel}","templated":true}]}}