{"id":5555,"date":"2025-02-05T14:30:39","date_gmt":"2025-02-05T13:30:39","guid":{"rendered":"https:\/\/sansa.diglab.ch\/antenna\/"},"modified":"2025-04-09T13:21:12","modified_gmt":"2025-04-09T12:21:12","slug":"centre-emetteur","status":"publish","type":"page","link":"https:\/\/www.montesansalvatore.ch\/fr\/mont-san-salvatore\/centre-emetteur\/","title":{"rendered":"Antenne"},"content":{"rendered":"<p><div class=\"fusion-fullwidth fullwidth-box fusion-builder-row-1 fusion-flex-container has-pattern-background has-mask-background nonhundred-percent-fullwidth non-hundred-percent-height-scrolling\" style=\"--awb-border-color:var(--awb-color1);--awb-border-radius-top-left:0px;--awb-border-radius-top-right:0px;--awb-border-radius-bottom-right:0px;--awb-border-radius-bottom-left:0px;--awb-padding-top:100px;--awb-padding-bottom:50px;--awb-padding-top-medium:100px;--awb-padding-bottom-medium:100px;--awb-padding-top-small:100px;--awb-padding-bottom-small:100px;--awb-margin-bottom:100px;--awb-flex-wrap:wrap;\" ><div class=\"fusion-builder-row fusion-row fusion-flex-align-items-flex-start fusion-flex-content-wrap\" style=\"max-width:1365px;margin-left: calc(-5% \/ 2 );margin-right: calc(-5% \/ 2 );\"><div class=\"fusion-layout-column fusion_builder_column fusion-builder-column-0 fusion_builder_column_1_1 1_1 fusion-flex-column\" style=\"--awb-bg-color:rgba(239,239,239,0);--awb-bg-color-hover:rgba(239,239,239,0);--awb-bg-size:cover;--awb-width-large:100%;--awb-margin-top-large:0px;--awb-spacing-right-large:2.375%;--awb-margin-bottom-large:20px;--awb-spacing-left-large:2.375%;--awb-width-medium:100%;--awb-order-medium:0;--awb-spacing-right-medium:2.375%;--awb-spacing-left-medium:2.375%;--awb-width-small:100%;--awb-order-small:0;--awb-spacing-right-small:2.375%;--awb-spacing-left-small:2.375%;\" data-scroll-devices=\"small-visibility,medium-visibility,large-visibility\"><div class=\"fusion-column-wrapper fusion-column-has-shadow fusion-flex-justify-content-flex-start fusion-content-layout-column\"><div class=\"fusion-text fusion-text-1\" style=\"--awb-text-color:var(--awb-color5);\"><h1>Antenne<\/h1>\n<\/div><\/div><\/div><div class=\"fusion-layout-column fusion_builder_column fusion-builder-column-1 fusion_builder_column_1_1 1_1 fusion-flex-column\" style=\"--awb-bg-color:rgba(239,239,239,0);--awb-bg-color-hover:rgba(239,239,239,0);--awb-bg-size:cover;--awb-width-large:100%;--awb-margin-top-large:0px;--awb-spacing-right-large:50px;--awb-margin-bottom-large:20px;--awb-spacing-left-large:2.375%;--awb-width-medium:100%;--awb-order-medium:0;--awb-spacing-right-medium:50px;--awb-spacing-left-medium:2.375%;--awb-width-small:100%;--awb-order-small:0;--awb-spacing-right-small:2.375%;--awb-spacing-left-small:2.375%;\" data-scroll-devices=\"small-visibility,medium-visibility,large-visibility\"><div class=\"fusion-column-wrapper fusion-column-has-shadow fusion-flex-justify-content-flex-start fusion-content-layout-column\"><div class=\"fusion-text fusion-text-2\"><h3>Histoire centre \u00e9metteur du Monte San Salvatore.<\/h3>\n<p>Le centre \u00e9metteur du Monte San Salvatore, qui appartient \u00e0 Swisscom Broadcast SA, est le plus important de notre canton de par sa grandeur et le nombre de ses usagers. Il fut initialement cr\u00e9\u00e9 en 1957 pour diffuser le programme de la t\u00e9l\u00e9vision suisse. Les services de t\u00e9l\u00e9communication pr\u00e9sents sur cette cime sont nombreux : programmes radio et TV de SSR SRG Id\u00e9e Suisse, \u00e9metteurs radiophoniques priv\u00e9s, services de t\u00e9l\u00e9phonie fixe et mobile, r\u00e9seaux radio de s\u00e9curit\u00e9.<\/p>\n<\/div><\/div><\/div><div class=\"fusion-layout-column fusion_builder_column fusion-builder-column-2 fusion_builder_column_1_2 1_2 fusion-flex-column\" style=\"--awb-bg-color:rgba(239,239,239,0);--awb-bg-color-hover:rgba(239,239,239,0);--awb-bg-size:cover;--awb-width-large:50%;--awb-margin-top-large:0px;--awb-spacing-right-large:50px;--awb-margin-bottom-large:20px;--awb-spacing-left-large:4.75%;--awb-width-medium:50%;--awb-order-medium:0;--awb-spacing-right-medium:50px;--awb-spacing-left-medium:4.75%;--awb-width-small:100%;--awb-order-small:0;--awb-spacing-right-small:2.375%;--awb-spacing-left-small:2.375%;\" data-scroll-devices=\"small-visibility,medium-visibility,large-visibility\"><div class=\"fusion-column-wrapper fusion-column-has-shadow fusion-flex-justify-content-flex-start fusion-content-layout-column\"><div class=\"fusion-text fusion-text-3\"><h3>1958<\/h3>\n<p>29 novembre inauguration des premi\u00e8res installations de radiodiffusion et t\u00e9l\u00e9vision. Il s\u2019agit alors d\u2019un \u00e9metteur de t\u00e9l\u00e9vision pour le programme partiel en langue italienne et d\u2019un \u00e9metteur radiophonique \u00e0 modulation de fr\u00e9quence sur ondes ultracourtes pour la transmission du 2\u00e8 programme RSI.<\/p>\n<h3>1960<\/h3>\n<p>7 octobre un second \u00e9metteur radiophonique \u00e0 modulation de fr\u00e9quence est mis en service pour la diffusion du 1er programme RSI. Le 28 novembre marque le d\u00e9but de la diffusion du programme national RAI dans les zones situ\u00e9es entre Campione et Porlezza.<\/p>\n<h3>1968<\/h3>\n<p>Le Conseil f\u00e9d\u00e9ral charge l\u2019entreprise PTT de r\u00e9aliser imm\u00e9diatement un certain nombre d\u2019installations destin\u00e9es \u00e0 diffuser le 2\u00e8 programme t\u00e9l\u00e9visuel dans les r\u00e9gions de montagne. Commence alors la construction d\u2019un \u00e9difice provisoire (celui de 1957 \u00e9tant devenu trop petit), ainsi que le remplacement de l\u2019ancienne structure d\u2019antenne de 60m par une nouvelle structure de 86m afin de permettre l\u2019installation des nouvelles antennes.<\/p>\n<h3>1969<\/h3>\n<p>Le 20 juin 1969 les nouvelles installations sont officiellement mises en service. On installe en m\u00eame temps les relais de la RAI pour le 2\u00e8 programme dans le m\u00eame \u00e9difice. Parall\u00e8lement, le projet d\u2019un nouvel \u00e9difice servant \u00e0 abriter les installations susmentionn\u00e9es, les appareillages pour le 3\u00e8 programme t\u00e9l\u00e9visuel, les installations pour la fourniture d\u2019\u00e9nergie \u00e9lectrique, les groupes de secours et les batteries d\u2019accumulateurs, etc., est lanc\u00e9 afin que la station \u00e9mettrice puisse fonctionner de fa\u00e7on s\u00fbre et ind\u00e9pendamment de facteurs externes tels que le manque soudain d\u2019\u00e9nergie \u00e9lectrique<\/p>\n<\/div><\/div><\/div><div class=\"fusion-layout-column fusion_builder_column fusion-builder-column-3 fusion_builder_column_1_2 1_2 fusion-flex-column\" style=\"--awb-bg-color:rgba(239,239,239,0);--awb-bg-color-hover:rgba(239,239,239,0);--awb-bg-size:cover;--awb-width-large:50%;--awb-margin-top-large:0px;--awb-spacing-right-large:50px;--awb-margin-bottom-large:20px;--awb-spacing-left-large:4.75%;--awb-width-medium:50%;--awb-order-medium:0;--awb-spacing-right-medium:50px;--awb-spacing-left-medium:4.75%;--awb-width-small:100%;--awb-order-small:0;--awb-spacing-right-small:2.375%;--awb-spacing-left-small:2.375%;\" data-scroll-devices=\"small-visibility,medium-visibility,large-visibility\"><div class=\"fusion-column-wrapper fusion-column-has-shadow fusion-flex-justify-content-flex-start fusion-content-layout-column\"><div class=\"fusion-text fusion-text-4\"><h3>1972<\/h3>\n<p>Les travaux pour la r\u00e9alisation du nouveau centre \u00e9metteur commencent vers la moiti\u00e9 de 1972. Les travaux se terminent dans les d\u00e9lais pr\u00e9vus. Tous les programmes existants ont \u00e9t\u00e9 maintenus en service et les beaut\u00e9s naturelles de cette magnifique r\u00e9gion ont \u00e9t\u00e9 sauvegard\u00e9es le plus possible. Sa masse imposante d\u2019environ 7600m3, est subdivis\u00e9e en deux \u00e9tages ; le toit plat de l\u2019\u00e9difice sert de terrasse aux touristes<\/p>\n<h3>1974<\/h3>\n<p>Inauguration de la nouvelle structure<\/p>\n<h3>1975<\/h3>\n<p>Depuis le 16 juin, le Sottoceneri accueille donc un nouveau complexe dans le secteur des t\u00e9l\u00e9communications ; les trois programmes nationaux suisses, les deux programmes radiophoniques de la RSI sur ondes ultracourtes et les deux programmes t\u00e9l\u00e9visuels de la RAI sont diffus\u00e9s en m\u00eame temps et int\u00e9gralement \u00e0 partir du Monte San Salvatore. En outre, ce nouveau complexe assume d\u2019autres fonctions importantes dans le cadre des diffusions radiophoniques et t\u00e9l\u00e9visuelles, par exemple, il devient un important point d\u2019acc\u00e8s au r\u00e9seau primaire des antennes relais mobiles et de l\u00e0, via le centre d\u2019antennes relais du Monte Generoso, un acc\u00e8s aux studios de t\u00e9l\u00e9vision o\u00f9 les programmes sont d\u00e9finitivement orient\u00e9s vers les r\u00e9seaux \u00e9metteurs publics.<\/p>\n<h3>2003<\/h3>\n<p>Les travaux pour la r\u00e9alisation du nouveau r\u00e9seau de diffusion de la TV digitale (DVB-T) pour les 4 programmes (TSI1, TSI2, TSR1, SF1) commencent au cours de 2003.<\/p>\n<h3>2006<\/h3>\n<p>Les travaux pour la r\u00e9alisation du nouveau r\u00e9seau de diffusion de la Radio digitale tout d\u2019abord DAB, puis DAB + commencent au cours de 2006.<\/p>\n<\/div><\/div><\/div><\/div><\/div><div class=\"fusion-fullwidth fullwidth-box fusion-builder-row-2 fusion-flex-container has-pattern-background has-mask-background nonhundred-percent-fullwidth non-hundred-percent-height-scrolling\" style=\"--awb-border-color:var(--awb-color1);--awb-border-radius-top-left:0px;--awb-border-radius-top-right:0px;--awb-border-radius-bottom-right:0px;--awb-border-radius-bottom-left:0px;--awb-padding-bottom:100px;--awb-padding-top-medium:100px;--awb-padding-bottom-medium:100px;--awb-padding-top-small:100px;--awb-padding-bottom-small:100px;--awb-flex-wrap:wrap;\" ><div class=\"fusion-builder-row fusion-row fusion-flex-align-items-stretch fusion-flex-content-wrap\" style=\"max-width:1365px;margin-left: calc(-5% \/ 2 );margin-right: calc(-5% \/ 2 );\"><div class=\"fusion-layout-column fusion_builder_column fusion-builder-column-4 fusion_builder_column_1_1 1_1 fusion-flex-column\" style=\"--awb-padding-top:50px;--awb-padding-right:50px;--awb-padding-bottom:50px;--awb-padding-left:50px;--awb-bg-color:var(--awb-color1);--awb-bg-color-hover:var(--awb-color1);--awb-bg-image:linear-gradient(180deg, rgba(255,255,255,0.4) 0%,rgba(255,255,255,0.4) 100%);;--awb-bg-size:cover;--awb-width-large:100%;--awb-margin-top-large:0px;--awb-spacing-right-large:30px;--awb-margin-bottom-large:20px;--awb-spacing-left-large:2.375%;--awb-width-medium:100%;--awb-order-medium:0;--awb-spacing-right-medium:30px;--awb-spacing-left-medium:2.375%;--awb-width-small:100%;--awb-order-small:0;--awb-spacing-right-small:2.375%;--awb-spacing-left-small:2.375%;\" data-scroll-devices=\"small-visibility,medium-visibility,large-visibility\"><div class=\"fusion-column-wrapper lazyload fusion-column-has-shadow fusion-flex-justify-content-flex-start fusion-content-layout-column fusion-column-has-bg-image\" data-bg-url=\"https:\/\/www.montesansalvatore.ch\/wp-content\/uploads\/2025\/01\/sfondo-ondulato-k35-scaled.jpg\" data-bg=\"https:\/\/www.montesansalvatore.ch\/wp-content\/uploads\/2025\/01\/sfondo-ondulato-k35-scaled.jpg\" data-bg-gradient=\"linear-gradient(180deg, rgba(255,255,255,0.4) 0%,rgba(255,255,255,0.4) 100%)\"><div class=\"fusion-title title fusion-title-1 fusion-sep-none fusion-title-text fusion-title-size-two\" style=\"--awb-text-color:var(--awb-color5);--awb-margin-top-small:10px;--awb-margin-right-small:0px;--awb-margin-bottom-small:10px;--awb-margin-left-small:0px;\"><h2 class=\"fusion-title-heading title-heading-left fusion-responsive-typography-calculated\" style=\"margin:0;--fontSize:64;line-height:var(--awb-typography1-line-height);\">Informations utiles<\/h2><\/div><div class=\"fusion-separator fusion-full-width-sep\" style=\"align-self: center;margin-left: auto;margin-right: auto;margin-top:30px;width:100%;\"><\/div><div class=\"fusion-builder-row fusion-builder-row-inner fusion-row fusion-flex-align-items-stretch fusion-flex-content-wrap\" style=\"--awb-flex-grow:0;--awb-flex-grow-medium:0;--awb-flex-grow-small:0;--awb-flex-shrink:0;--awb-flex-shrink-medium:0;--awb-flex-shrink-small:0;width:105% !important;max-width:105% !important;margin-left: calc(-5% \/ 2 );margin-right: calc(-5% \/ 2 );\"><div class=\"fusion-layout-column fusion_builder_column_inner fusion-builder-nested-column-0 fusion_builder_column_inner_1_2 1_2 fusion-flex-column\" style=\"--awb-bg-size:cover;--awb-width-large:50%;--awb-margin-top-large:0px;--awb-spacing-right-large:4.75%;--awb-margin-bottom-large:20px;--awb-spacing-left-large:4.75%;--awb-width-medium:50%;--awb-order-medium:0;--awb-spacing-right-medium:4.75%;--awb-spacing-left-medium:4.75%;--awb-width-small:100%;--awb-order-small:0;--awb-spacing-right-small:2.375%;--awb-spacing-left-small:2.375%;\" data-scroll-devices=\"small-visibility,medium-visibility,large-visibility\"><div class=\"fusion-column-wrapper fusion-column-has-shadow fusion-flex-justify-content-flex-start fusion-content-layout-column\"><div class=\"fusion-text fusion-text-5\"><h3>Pour informations et questions<\/h3>\n<p>Funicolare Monte San Salvatore SA<br \/>\nVia delle scuole 7 \/ CP 442<br \/>\nCH-6902 Lugano-Paradiso<\/p>\n<p><a href=\"tel:0041919852828\"><strong>+41 91 985 28 28<\/strong><\/a><br \/>\n<a href=\"mailto:info@montesansalvatore.ch\"><strong>info@montesansalvatore.ch<\/strong><\/a><\/p>\n<\/div><\/div><\/div><div class=\"fusion-layout-column fusion_builder_column_inner fusion-builder-nested-column-1 fusion_builder_column_inner_1_2 1_2 fusion-flex-column\" style=\"--awb-bg-size:cover;--awb-width-large:50%;--awb-margin-top-large:0px;--awb-spacing-right-large:4.75%;--awb-margin-bottom-large:20px;--awb-spacing-left-large:4.75%;--awb-width-medium:50%;--awb-order-medium:0;--awb-spacing-right-medium:4.75%;--awb-spacing-left-medium:4.75%;--awb-width-small:100%;--awb-order-small:0;--awb-spacing-right-small:2.375%;--awb-spacing-left-small:2.375%;\" data-scroll-devices=\"small-visibility,medium-visibility,large-visibility\"><div class=\"fusion-column-wrapper fusion-column-has-shadow fusion-flex-justify-content-flex-start fusion-content-layout-column\"><div class=\"fusion-text fusion-text-6\"><h3>T\u00e9l\u00e9chargements et liens<\/h3>\n<p><a href=\"\/wp-content\/uploads\/2025\/02\/sfss_f4_895x128_swisscom_2017.pdf\" target=\"_blank\" rel=\"noopener\"><strong>T\u00e9l\u00e9charger d\u00e9pliant (PDF)<\/strong><\/a><\/p>\n<\/div><\/div><\/div><\/div><\/div><\/div><\/div><\/div><\/p>\n","protected":false},"excerpt":{"rendered":"","protected":false},"author":1,"featured_media":5168,"parent":5573,"menu_order":0,"comment_status":"closed","ping_status":"closed","template":"100-width.php","meta":{"footnotes":""},"class_list":["post-5555","page","type-page","status-publish","has-post-thumbnail","hentry"],"publishpress_future_workflow_manual_trigger":{"enabledWorkflows":[]},"_links":{"self":[{"href":"https:\/\/www.montesansalvatore.ch\/fr\/wp-json\/wp\/v2\/pages\/5555","targetHints":{"allow":["GET"]}}],"collection":[{"href":"https:\/\/www.montesansalvatore.ch\/fr\/wp-json\/wp\/v2\/pages"}],"about":[{"href":"https:\/\/www.montesansalvatore.ch\/fr\/wp-json\/wp\/v2\/types\/page"}],"author":[{"embeddable":true,"href":"https:\/\/www.montesansalvatore.ch\/fr\/wp-json\/wp\/v2\/users\/1"}],"replies":[{"embeddable":true,"href":"https:\/\/www.montesansalvatore.ch\/fr\/wp-json\/wp\/v2\/comments?post=5555"}],"version-history":[{"count":4,"href":"https:\/\/www.montesansalvatore.ch\/fr\/wp-json\/wp\/v2\/pages\/5555\/revisions"}],"predecessor-version":[{"id":7579,"href":"https:\/\/www.montesansalvatore.ch\/fr\/wp-json\/wp\/v2\/pages\/5555\/revisions\/7579"}],"up":[{"embeddable":true,"href":"https:\/\/www.montesansalvatore.ch\/fr\/wp-json\/wp\/v2\/pages\/5573"}],"wp:featuredmedia":[{"embeddable":true,"href":"https:\/\/www.montesansalvatore.ch\/fr\/wp-json\/wp\/v2\/media\/5168"}],"wp:attachment":[{"href":"https:\/\/www.montesansalvatore.ch\/fr\/wp-json\/wp\/v2\/media?parent=5555"}],"curies":[{"name":"wp","href":"https:\/\/api.w.org\/{rel}","templated":true}]}}