{"id":5549,"date":"2025-02-06T14:18:16","date_gmt":"2025-02-06T13:18:16","guid":{"rendered":"https:\/\/sansa.diglab.ch\/museo\/"},"modified":"2025-03-26T14:05:11","modified_gmt":"2025-03-26T13:05:11","slug":"musee","status":"publish","type":"page","link":"https:\/\/www.montesansalvatore.ch\/fr\/culture\/musee\/","title":{"rendered":"Mus\u00e9e"},"content":{"rendered":"<p><div class=\"fusion-fullwidth fullwidth-box fusion-builder-row-1 fusion-flex-container has-pattern-background has-mask-background nonhundred-percent-fullwidth non-hundred-percent-height-scrolling\" style=\"--awb-border-color:var(--awb-color1);--awb-border-radius-top-left:0px;--awb-border-radius-top-right:0px;--awb-border-radius-bottom-right:0px;--awb-border-radius-bottom-left:0px;--awb-padding-top:100px;--awb-padding-bottom:50px;--awb-padding-top-medium:100px;--awb-padding-bottom-medium:100px;--awb-padding-top-small:100px;--awb-padding-bottom-small:100px;--awb-margin-bottom:100px;--awb-flex-wrap:wrap;\" ><div class=\"fusion-builder-row fusion-row fusion-flex-align-items-flex-start fusion-flex-content-wrap\" style=\"max-width:1365px;margin-left: calc(-5% \/ 2 );margin-right: calc(-5% \/ 2 );\"><div class=\"fusion-layout-column fusion_builder_column fusion-builder-column-0 fusion_builder_column_1_1 1_1 fusion-flex-column\" style=\"--awb-bg-color:rgba(239,239,239,0);--awb-bg-color-hover:rgba(239,239,239,0);--awb-bg-size:cover;--awb-width-large:100%;--awb-margin-top-large:0px;--awb-spacing-right-large:2.375%;--awb-margin-bottom-large:20px;--awb-spacing-left-large:2.375%;--awb-width-medium:100%;--awb-order-medium:0;--awb-spacing-right-medium:2.375%;--awb-spacing-left-medium:2.375%;--awb-width-small:100%;--awb-order-small:0;--awb-spacing-right-small:2.375%;--awb-spacing-left-small:2.375%;\" data-scroll-devices=\"small-visibility,medium-visibility,large-visibility\"><div class=\"fusion-column-wrapper fusion-column-has-shadow fusion-flex-justify-content-flex-start fusion-content-layout-column\"><div class=\"fusion-text fusion-text-1\" style=\"--awb-text-color:var(--awb-color5);\"><h1>Mus\u00e9e<\/h1>\n<\/div><div class=\"fusion-separator fusion-full-width-sep\" style=\"align-self: center;margin-left: auto;margin-right: auto;margin-top:30px;width:100%;\"><\/div>\n<\/div><\/div><div class=\"fusion-layout-column fusion_builder_column fusion-builder-column-1 fusion_builder_column_1_2 1_2 fusion-flex-column\" style=\"--awb-bg-color:rgba(239,239,239,0);--awb-bg-color-hover:rgba(239,239,239,0);--awb-bg-size:cover;--awb-width-large:50%;--awb-margin-top-large:0px;--awb-spacing-right-large:50px;--awb-margin-bottom-large:20px;--awb-spacing-left-large:4.75%;--awb-width-medium:50%;--awb-order-medium:0;--awb-spacing-right-medium:50px;--awb-spacing-left-medium:4.75%;--awb-width-small:100%;--awb-order-small:0;--awb-spacing-right-small:2.375%;--awb-spacing-left-small:2.375%;\" data-scroll-devices=\"small-visibility,medium-visibility,large-visibility\"><div class=\"fusion-column-wrapper fusion-column-has-shadow fusion-flex-justify-content-flex-start fusion-content-layout-column\"><div class=\"fusion-text fusion-text-2\"><p>Situ\u00e9 au sommet du mont du m\u00eame nom, le Mus\u00e9e San Salvatore a ouvert ses portes en 1999. Ce mus\u00e9e est n\u00e9 de la collaboration entre la Soci\u00e9t\u00e9 Funicolare Monte San Salvatore et l\u2019Archiconfraternit\u00e9 de la Bonne Mort et de la Pri\u00e8re sous le titre de Sainte Marthe.<\/p>\n<p>Apr\u00e8s une restauration soign\u00e9e, les locaux actuellement consacr\u00e9s \u00e0 l\u2019exposition sont ceux de l\u2019ancien hospice qui, de sa construction jusqu\u2019\u00e0 la fin du XVII\u00e8me si\u00e8cle, servait de lieu d\u2019accueil pour les pauvres et voyageurs en p\u00e8lerinage \u00e0 l\u2019\u00e9glise du San Salvatore, ou de lieu de retraite spirituelle pour les fr\u00e8res ermites ou les confr\u00e8res qui en faisaient la demande.<\/p>\n<p>Au cours de la derni\u00e8re d\u00e9cennie, le Mus\u00e9e s\u2019est enrichi de th\u00e8mes d\u2019exposition nouveaux et int\u00e9ressants toujours li\u00e9s \u00e0 l\u2019histoire du mont et de ses structures.<\/p>\n<p>Le mus\u00e9e s\u2019articule sur deux \u00e9tages et accueille les th\u00e8mes d\u2019exposition suivants.<\/p>\n<\/div><\/div><\/div><div class=\"fusion-layout-column fusion_builder_column fusion-builder-column-2 fusion_builder_column_1_2 1_2 fusion-flex-column\" style=\"--awb-bg-color:rgba(239,239,239,0);--awb-bg-color-hover:rgba(239,239,239,0);--awb-bg-size:cover;--awb-width-large:50%;--awb-margin-top-large:0px;--awb-spacing-right-large:50px;--awb-margin-bottom-large:20px;--awb-spacing-left-large:4.75%;--awb-width-medium:50%;--awb-order-medium:0;--awb-spacing-right-medium:50px;--awb-spacing-left-medium:4.75%;--awb-width-small:100%;--awb-order-small:0;--awb-spacing-right-small:2.375%;--awb-spacing-left-small:2.375%;\" data-scroll-devices=\"small-visibility,medium-visibility,large-visibility\"><div class=\"fusion-column-wrapper fusion-column-has-shadow fusion-flex-justify-content-flex-start fusion-content-layout-column\"><div class=\"awb-gallery-wrapper awb-gallery-wrapper-1 button-span-no\" style=\"--more-btn-alignment:center;\"><div style=\"margin:-5px;--awb-aspect-ratio:1 \/ 1;--awb-bordersize:0px;--awb-border-radius:20px;--awb-columns-medium:33.3333%;--awb-columns-small:33.3333%;\" class=\"fusion-gallery fusion-gallery-container fusion-grid-3 fusion-columns-total-6 fusion-gallery-layout-grid fusion-gallery-1 has-aspect-ratio\"><div style=\"padding:5px;\" class=\"fusion-grid-column fusion-gallery-column fusion-gallery-column-3\"><div class=\"fusion-gallery-image fusion-gallery-image-liftup\"><a href=\"https:\/\/www.montesansalvatore.ch\/wp-content\/uploads\/2025\/02\/IMG_3447.jpg\" rel=\"noreferrer\" data-rel=\"iLightbox[gallery_image_1]\" class=\"fusion-lightbox\" target=\"_self\"><img decoding=\"async\" src=\"https:\/\/www.montesansalvatore.ch\/wp-content\/uploads\/2025\/02\/IMG_3447-460x295.jpg\" width=\"460\" height=\"295\" alt=\"\" title=\"IMG_3447\" aria-label=\"IMG_3447\" class=\"img-responsive wp-image-3930 fusion-gallery-image-size-fixed\"  \/><\/a><\/div><\/div><div style=\"padding:5px;\" class=\"fusion-grid-column fusion-gallery-column fusion-gallery-column-3\"><div class=\"fusion-gallery-image fusion-gallery-image-liftup\"><a href=\"https:\/\/www.montesansalvatore.ch\/wp-content\/uploads\/2025\/02\/DSC_0165.jpg\" rel=\"noreferrer\" data-rel=\"iLightbox[gallery_image_1]\" class=\"fusion-lightbox\" target=\"_self\"><img decoding=\"async\" src=\"https:\/\/www.montesansalvatore.ch\/wp-content\/uploads\/2025\/02\/DSC_0165-460x295.jpg\" width=\"460\" height=\"295\" alt=\"\" title=\"DSC_0165\" aria-label=\"DSC_0165\" class=\"img-responsive wp-image-3924 fusion-gallery-image-size-fixed\"  \/><\/a><\/div><\/div><div style=\"padding:5px;\" class=\"fusion-grid-column fusion-gallery-column fusion-gallery-column-3\"><div class=\"fusion-gallery-image fusion-gallery-image-liftup\"><a href=\"https:\/\/www.montesansalvatore.ch\/wp-content\/uploads\/2025\/02\/GIO_0005.jpg\" rel=\"noreferrer\" data-rel=\"iLightbox[gallery_image_1]\" class=\"fusion-lightbox\" target=\"_self\"><img decoding=\"async\" src=\"https:\/\/www.montesansalvatore.ch\/wp-content\/uploads\/2025\/02\/GIO_0005-460x295.jpg\" width=\"460\" height=\"295\" alt=\"\" title=\"GIO_0005\" aria-label=\"GIO_0005\" class=\"img-responsive wp-image-3925 fusion-gallery-image-size-fixed\"  \/><\/a><\/div><\/div><div class=\"clearfix\"><\/div><div style=\"padding:5px;\" class=\"fusion-grid-column fusion-gallery-column fusion-gallery-column-3\"><div class=\"fusion-gallery-image fusion-gallery-image-liftup\"><a href=\"https:\/\/www.montesansalvatore.ch\/wp-content\/uploads\/2025\/02\/Museo-Fulmini.jpg\" rel=\"noreferrer\" data-rel=\"iLightbox[gallery_image_1]\" class=\"fusion-lightbox\" target=\"_self\"><img decoding=\"async\" src=\"https:\/\/www.montesansalvatore.ch\/wp-content\/uploads\/2025\/02\/Museo-Fulmini-460x295.jpg\" width=\"460\" height=\"295\" alt=\"\" title=\"Museo Fulmini\" aria-label=\"Museo Fulmini\" class=\"img-responsive wp-image-3934 fusion-gallery-image-size-fixed\"  \/><\/a><\/div><\/div><div style=\"padding:5px;\" class=\"fusion-grid-column fusion-gallery-column fusion-gallery-column-3\"><div class=\"fusion-gallery-image fusion-gallery-image-liftup\"><a href=\"https:\/\/www.montesansalvatore.ch\/wp-content\/uploads\/2025\/02\/GIO_0093.jpg\" rel=\"noreferrer\" data-rel=\"iLightbox[gallery_image_1]\" class=\"fusion-lightbox\" target=\"_self\"><img decoding=\"async\" src=\"https:\/\/www.montesansalvatore.ch\/wp-content\/uploads\/2025\/02\/GIO_0093-460x295.jpg\" width=\"460\" height=\"295\" alt=\"\" title=\"GIO_0093\" aria-label=\"GIO_0093\" class=\"img-responsive wp-image-3929 fusion-gallery-image-size-fixed\"  \/><\/a><\/div><\/div><div style=\"padding:5px;\" class=\"fusion-grid-column fusion-gallery-column fusion-gallery-column-3\"><div class=\"fusion-gallery-image fusion-gallery-image-liftup\"><a href=\"https:\/\/www.montesansalvatore.ch\/wp-content\/uploads\/2025\/02\/PKF_17_077_2222.jpg\" rel=\"noreferrer\" data-rel=\"iLightbox[gallery_image_1]\" class=\"fusion-lightbox\" target=\"_self\"><img decoding=\"async\" src=\"https:\/\/www.montesansalvatore.ch\/wp-content\/uploads\/2025\/02\/PKF_17_077_2222-460x295.jpg\" width=\"460\" height=\"295\" alt=\"\" title=\"PKF_17_077_2222\" aria-label=\"PKF_17_077_2222\" class=\"img-responsive wp-image-3936 fusion-gallery-image-size-fixed\"  \/><\/a><\/div><\/div><div class=\"clearfix\"><\/div><\/div><\/div><\/div><\/div><div class=\"fusion-layout-column fusion_builder_column fusion-builder-column-3 fusion_builder_column_1_2 1_2 fusion-flex-column\" style=\"--awb-bg-color:rgba(239,239,239,0);--awb-bg-color-hover:rgba(239,239,239,0);--awb-bg-size:cover;--awb-width-large:50%;--awb-margin-top-large:0px;--awb-spacing-right-large:50px;--awb-margin-bottom-large:20px;--awb-spacing-left-large:4.75%;--awb-width-medium:50%;--awb-order-medium:0;--awb-spacing-right-medium:50px;--awb-spacing-left-medium:4.75%;--awb-width-small:100%;--awb-order-small:0;--awb-spacing-right-small:2.375%;--awb-spacing-left-small:2.375%;\" data-scroll-devices=\"small-visibility,medium-visibility,large-visibility\"><div class=\"fusion-column-wrapper fusion-column-has-shadow fusion-flex-justify-content-flex-start fusion-content-layout-column\"><div class=\"fusion-text fusion-text-3\"><h3>Archiconfraternit\u00e9 \/ Art Sacr\u00e9<\/h3>\n<p>Les salles 1-2-3 situ\u00e9es au rez-de-chauss\u00e9e accueillent une collection d\u2019objets rares et pr\u00e9cieux d\u2019art sacr\u00e9, \u0153uvres et t\u00e9moignages illustrant l\u2019histoire et l\u2019importance socio-culturelle de l\u2019activit\u00e9 exerc\u00e9e par l\u2019Archiconfraternit\u00e9 au cours des si\u00e8cles.<\/p>\n<h3>G\u00e9ologie<\/h3>\n<p>Au premier \u00e9tage, la salle 4 comprend un espace permanent qui accueille une collection de mat\u00e9riaux g\u00e9ologiques \u00e0 but didactique qui, avec des roches, des min\u00e9raux et des fossiles, entend pr\u00e9senter l\u2019\u00e9volution du territoire avec une r\u00e9f\u00e9rence particuli\u00e8re \u00e0 la r\u00e9gion du San Salvatore.<\/p>\n<p>Comment conna\u00eetre les secrets de la nature, de petits joyaux cr\u00e9\u00e9s durant des millions d\u2019ann\u00e9es et cach\u00e9s dans le sous-sol.<\/p>\n<h3>Sp\u00e9l\u00e9ologie<\/h3>\n<p>La sp\u00e9l\u00e9ologie est une autre attraction agr\u00e9able se trouvant dans les espaces du mus\u00e9e. La salle 5 est consacr\u00e9e aux grottes dont le Tessin revendique un important patrimoine naturaliste constitu\u00e9 de plus de 190 cavernes. L\u2019exposition nous emm\u00e8ne \u00e0 la d\u00e9couverte des merveilles cach\u00e9es dans les entrailles du territoire cantonal et du mont San Salvatore.<\/p>\n<p>Par le biais de la sp\u00e9l\u00e9ologie, le visiteur entreprend un voyage dans le monde magique et impressionnant des grottes pr\u00e9sentes dans la r\u00e9gion, t\u00e9moins de l\u2019\u00e9volution du monde naturel.<\/p>\n<h3>Eclairs<\/h3>\n<p>Le dernier espace d\u2019exposition, salle 6, est consacr\u00e9 \u00e0 la signification historique des orages et de la recherche sur les \u00e9clairs. Un ph\u00e9nom\u00e8ne universel qui depuis toujours intrigue l\u2019homme en raison de ses aspects fascinants et myst\u00e9rieux. \u201cSur les traces des \u00e9clairs\u201d est le titre de cette nouvelle exposition.<\/p>\n<p>Par le biais de l\u2019histoire du Centre de recherche sur les \u00e9clairs, laboratoire de r\u00e9putation mondiale dot\u00e9 d\u2019appareils de mesure sophistiqu\u00e9s en activit\u00e9 au sommet de 1943 \u00e0 1982, dirig\u00e9 par le Professeur Berger de l\u2019Ecole polytechnique de Zurich, c\u2019est une r\u00e9alit\u00e9 particuli\u00e8re qui est pr\u00e9sent\u00e9e et qui pendant environ 40 ans a marqu\u00e9 l\u2019histoire du mont.<\/p>\n<\/div><\/div><\/div><div class=\"fusion-layout-column fusion_builder_column fusion-builder-column-4 fusion_builder_column_1_2 1_2 fusion-flex-column\" style=\"--awb-bg-color:rgba(239,239,239,0);--awb-bg-color-hover:rgba(239,239,239,0);--awb-bg-size:cover;--awb-width-large:50%;--awb-margin-top-large:0px;--awb-spacing-right-large:50px;--awb-margin-bottom-large:20px;--awb-spacing-left-large:4.75%;--awb-width-medium:50%;--awb-order-medium:0;--awb-spacing-right-medium:50px;--awb-spacing-left-medium:4.75%;--awb-width-small:100%;--awb-order-small:0;--awb-spacing-right-small:2.375%;--awb-spacing-left-small:2.375%;\" data-scroll-devices=\"small-visibility,medium-visibility,large-visibility\"><div class=\"fusion-column-wrapper fusion-column-has-shadow fusion-flex-justify-content-flex-start fusion-content-layout-column\"><div class=\"fusion-text fusion-text-4\"><h3>Pour informations et questions<\/h3>\n<p>10.00 \u2013 12.00<br \/>\n13.00 \u2013 15.00<\/p>\n<p>(le mus\u00e9e n&rsquo;est ouvert que lorsque le funiculaire est en service)<\/p>\n<\/div><div ><a class=\"fusion-button button-flat fusion-button-default-size button-default fusion-button-default button-1 fusion-button-default-span fusion-button-default-type\" target=\"_self\" href=\"\/fr\/horaires-et-tarifs\/\"><span class=\"fusion-button-text awb-button__text awb-button__text--default\">Horaire du funiculaire<\/span><\/a><\/div><div class=\"fusion-text fusion-text-5\"><h3>Informations<\/h3>\n<p>Le titre de transport du funiculaire donne droit \u00e0 l\u2019entr\u00e9e gratuite au mus\u00e9e.<\/p>\n<\/div><div class=\"fusion-text fusion-text-6\"><h3>Visite guid\u00e9e pour groupes<\/h3>\n<p>Sur demande, visite guid\u00e9e mus\u00e9e &amp; San Salvatore pour CHF 180.00<\/p>\n<\/div><\/div><\/div><\/div><\/div><div class=\"fusion-fullwidth fullwidth-box fusion-builder-row-2 fusion-flex-container has-pattern-background has-mask-background nonhundred-percent-fullwidth non-hundred-percent-height-scrolling\" style=\"--awb-border-color:var(--awb-color1);--awb-border-radius-top-left:0px;--awb-border-radius-top-right:0px;--awb-border-radius-bottom-right:0px;--awb-border-radius-bottom-left:0px;--awb-padding-bottom:100px;--awb-padding-top-medium:100px;--awb-padding-bottom-medium:100px;--awb-padding-top-small:100px;--awb-padding-bottom-small:100px;--awb-flex-wrap:wrap;\" ><div class=\"fusion-builder-row fusion-row fusion-flex-align-items-stretch fusion-flex-content-wrap\" style=\"max-width:1365px;margin-left: calc(-5% \/ 2 );margin-right: calc(-5% \/ 2 );\"><div class=\"fusion-layout-column fusion_builder_column fusion-builder-column-5 fusion_builder_column_1_1 1_1 fusion-flex-column\" style=\"--awb-padding-top:50px;--awb-padding-right:50px;--awb-padding-bottom:50px;--awb-padding-left:50px;--awb-bg-color:var(--awb-color1);--awb-bg-color-hover:var(--awb-color1);--awb-bg-image:linear-gradient(180deg, rgba(255,255,255,0.4) 0%,rgba(255,255,255,0.4) 100%);;--awb-bg-size:cover;--awb-width-large:100%;--awb-margin-top-large:0px;--awb-spacing-right-large:30px;--awb-margin-bottom-large:20px;--awb-spacing-left-large:2.375%;--awb-width-medium:100%;--awb-order-medium:0;--awb-spacing-right-medium:30px;--awb-spacing-left-medium:2.375%;--awb-width-small:100%;--awb-order-small:0;--awb-spacing-right-small:2.375%;--awb-spacing-left-small:2.375%;\" data-scroll-devices=\"small-visibility,medium-visibility,large-visibility\"><div class=\"fusion-column-wrapper lazyload fusion-column-has-shadow fusion-flex-justify-content-flex-start fusion-content-layout-column fusion-column-has-bg-image\" data-bg-url=\"https:\/\/www.montesansalvatore.ch\/wp-content\/uploads\/2025\/01\/sfondo-ondulato-k35-scaled.jpg\" data-bg=\"https:\/\/www.montesansalvatore.ch\/wp-content\/uploads\/2025\/01\/sfondo-ondulato-k35-scaled.jpg\" data-bg-gradient=\"linear-gradient(180deg, rgba(255,255,255,0.4) 0%,rgba(255,255,255,0.4) 100%)\"><div class=\"fusion-title title fusion-title-1 fusion-sep-none fusion-title-text fusion-title-size-two\" style=\"--awb-text-color:var(--awb-color5);--awb-margin-top-small:10px;--awb-margin-right-small:0px;--awb-margin-bottom-small:10px;--awb-margin-left-small:0px;\"><h2 class=\"fusion-title-heading title-heading-left fusion-responsive-typography-calculated\" style=\"margin:0;--fontSize:64;line-height:var(--awb-typography1-line-height);\">Informations utiles<\/h2><\/div><div class=\"fusion-separator fusion-full-width-sep\" style=\"align-self: center;margin-left: auto;margin-right: auto;margin-top:30px;width:100%;\"><\/div><div class=\"fusion-builder-row fusion-builder-row-inner fusion-row fusion-flex-align-items-stretch fusion-flex-content-wrap\" style=\"--awb-flex-grow:0;--awb-flex-grow-medium:0;--awb-flex-grow-small:0;--awb-flex-shrink:0;--awb-flex-shrink-medium:0;--awb-flex-shrink-small:0;width:105% !important;max-width:105% !important;margin-left: calc(-5% \/ 2 );margin-right: calc(-5% \/ 2 );\"><div class=\"fusion-layout-column fusion_builder_column_inner fusion-builder-nested-column-0 fusion_builder_column_inner_1_2 1_2 fusion-flex-column\" style=\"--awb-bg-size:cover;--awb-width-large:50%;--awb-margin-top-large:0px;--awb-spacing-right-large:4.75%;--awb-margin-bottom-large:20px;--awb-spacing-left-large:4.75%;--awb-width-medium:50%;--awb-order-medium:0;--awb-spacing-right-medium:4.75%;--awb-spacing-left-medium:4.75%;--awb-width-small:100%;--awb-order-small:0;--awb-spacing-right-small:2.375%;--awb-spacing-left-small:2.375%;\" data-scroll-devices=\"small-visibility,medium-visibility,large-visibility\"><div class=\"fusion-column-wrapper fusion-column-has-shadow fusion-flex-justify-content-flex-start fusion-content-layout-column\"><div class=\"fusion-text fusion-text-7\"><h3>Pour informations et questions<\/h3>\n<p>Funicolare Monte San Salvatore SA<br \/>\nVia delle scuole 7 \/ CP 442<br \/>\nCH-6902 Lugano-Paradiso<\/p>\n<p><a href=\"tel:0041919852828\"><strong>+41 91 985 28 28<\/strong><\/a><br \/>\n<a href=\"mailto:info@montesansalvatore.ch\"><strong>info@montesansalvatore.ch<\/strong><\/a><\/p>\n<\/div><\/div><\/div><div class=\"fusion-layout-column fusion_builder_column_inner fusion-builder-nested-column-1 fusion_builder_column_inner_1_2 1_2 fusion-flex-column\" style=\"--awb-bg-size:cover;--awb-width-large:50%;--awb-margin-top-large:0px;--awb-spacing-right-large:4.75%;--awb-margin-bottom-large:20px;--awb-spacing-left-large:4.75%;--awb-width-medium:50%;--awb-order-medium:0;--awb-spacing-right-medium:4.75%;--awb-spacing-left-medium:4.75%;--awb-width-small:100%;--awb-order-small:0;--awb-spacing-right-small:2.375%;--awb-spacing-left-small:2.375%;\" data-scroll-devices=\"small-visibility,medium-visibility,large-visibility\"><div class=\"fusion-column-wrapper fusion-column-has-shadow fusion-flex-justify-content-flex-start fusion-content-layout-column\"><div class=\"fusion-text fusion-text-8\"><h3>T\u00e9l\u00e9chargements et liens<\/h3>\n<p><a href=\"\/wp-content\/uploads\/2025\/03\/museo-fulmini_pro_f_2017.pdf\" target=\"_blank\" rel=\"noopener\"><strong>T\u00e9l\u00e9chager d\u00e9pliant eclairs (PDF)<\/strong><\/a><br \/>\n<a href=\"\/wp-content\/uploads\/2025\/03\/museo_geo_fra_2017.pdf\" target=\"_blank\" rel=\"noopener\"><strong>T\u00e9l\u00e9charger d\u00e9pliant g\u00e9ologie (PDF)<\/strong><\/a><\/p>\n<\/div><\/div><\/div><\/div><\/div><\/div><\/div><\/div><\/p>\n","protected":false},"excerpt":{"rendered":"","protected":false},"author":1,"featured_media":4607,"parent":5552,"menu_order":0,"comment_status":"closed","ping_status":"closed","template":"100-width.php","meta":{"footnotes":""},"class_list":["post-5549","page","type-page","status-publish","has-post-thumbnail","hentry"],"publishpress_future_workflow_manual_trigger":{"enabledWorkflows":[]},"_links":{"self":[{"href":"https:\/\/www.montesansalvatore.ch\/fr\/wp-json\/wp\/v2\/pages\/5549","targetHints":{"allow":["GET"]}}],"collection":[{"href":"https:\/\/www.montesansalvatore.ch\/fr\/wp-json\/wp\/v2\/pages"}],"about":[{"href":"https:\/\/www.montesansalvatore.ch\/fr\/wp-json\/wp\/v2\/types\/page"}],"author":[{"embeddable":true,"href":"https:\/\/www.montesansalvatore.ch\/fr\/wp-json\/wp\/v2\/users\/1"}],"replies":[{"embeddable":true,"href":"https:\/\/www.montesansalvatore.ch\/fr\/wp-json\/wp\/v2\/comments?post=5549"}],"version-history":[{"count":8,"href":"https:\/\/www.montesansalvatore.ch\/fr\/wp-json\/wp\/v2\/pages\/5549\/revisions"}],"predecessor-version":[{"id":6116,"href":"https:\/\/www.montesansalvatore.ch\/fr\/wp-json\/wp\/v2\/pages\/5549\/revisions\/6116"}],"up":[{"embeddable":true,"href":"https:\/\/www.montesansalvatore.ch\/fr\/wp-json\/wp\/v2\/pages\/5552"}],"wp:featuredmedia":[{"embeddable":true,"href":"https:\/\/www.montesansalvatore.ch\/fr\/wp-json\/wp\/v2\/media\/4607"}],"wp:attachment":[{"href":"https:\/\/www.montesansalvatore.ch\/fr\/wp-json\/wp\/v2\/media?parent=5549"}],"curies":[{"name":"wp","href":"https:\/\/api.w.org\/{rel}","templated":true}]}}