{"id":5540,"date":"2025-02-17T18:02:44","date_gmt":"2025-02-17T17:02:44","guid":{"rendered":"https:\/\/sansa.diglab.ch\/contatti\/"},"modified":"2025-04-17T15:45:41","modified_gmt":"2025-04-17T14:45:41","slug":"contacts","status":"publish","type":"page","link":"https:\/\/www.montesansalvatore.ch\/fr\/contacts\/","title":{"rendered":"Contacts"},"content":{"rendered":"<div class=\"fusion-fullwidth fullwidth-box fusion-builder-row-1 fusion-flex-container has-pattern-background has-mask-background nonhundred-percent-fullwidth non-hundred-percent-height-scrolling\" style=\"--awb-border-color:var(--awb-color1);--awb-border-radius-top-left:0px;--awb-border-radius-top-right:0px;--awb-border-radius-bottom-right:0px;--awb-border-radius-bottom-left:0px;--awb-padding-top:100px;--awb-padding-bottom:50px;--awb-padding-top-medium:100px;--awb-padding-bottom-medium:100px;--awb-padding-top-small:100px;--awb-padding-bottom-small:100px;--awb-margin-bottom:100px;--awb-flex-wrap:wrap;\" ><div class=\"fusion-builder-row fusion-row fusion-flex-align-items-flex-start fusion-flex-content-wrap\" style=\"max-width:1365px;margin-left: calc(-5% \/ 2 );margin-right: calc(-5% \/ 2 );\"><div class=\"fusion-layout-column fusion_builder_column fusion-builder-column-0 fusion_builder_column_1_1 1_1 fusion-flex-column\" style=\"--awb-bg-color:rgba(239,239,239,0);--awb-bg-color-hover:rgba(239,239,239,0);--awb-bg-size:cover;--awb-width-large:100%;--awb-margin-top-large:0px;--awb-spacing-right-large:2.375%;--awb-margin-bottom-large:20px;--awb-spacing-left-large:2.375%;--awb-width-medium:100%;--awb-order-medium:0;--awb-spacing-right-medium:2.375%;--awb-spacing-left-medium:2.375%;--awb-width-small:100%;--awb-order-small:0;--awb-spacing-right-small:2.375%;--awb-spacing-left-small:2.375%;\" data-scroll-devices=\"small-visibility,medium-visibility,large-visibility\"><div class=\"fusion-column-wrapper fusion-column-has-shadow fusion-flex-justify-content-flex-start fusion-content-layout-column\"><div class=\"fusion-text fusion-text-1\" style=\"--awb-text-color:var(--awb-color5);\"><h1>Contacts<\/h1>\n<\/div><\/div><\/div><div class=\"fusion-layout-column fusion_builder_column fusion-builder-column-1 fusion_builder_column_1_3 1_3 fusion-flex-column\" style=\"--awb-bg-color:rgba(239,239,239,0);--awb-bg-color-hover:rgba(239,239,239,0);--awb-bg-size:cover;--awb-width-large:33.333333333333%;--awb-margin-top-large:0px;--awb-spacing-right-large:50px;--awb-margin-bottom-large:20px;--awb-spacing-left-large:7.125%;--awb-width-medium:33.333333333333%;--awb-order-medium:0;--awb-spacing-right-medium:50px;--awb-spacing-left-medium:7.125%;--awb-width-small:100%;--awb-order-small:0;--awb-spacing-right-small:2.375%;--awb-spacing-left-small:2.375%;\" data-scroll-devices=\"small-visibility,medium-visibility,large-visibility\"><div class=\"fusion-column-wrapper fusion-column-has-shadow fusion-flex-justify-content-flex-start fusion-content-layout-column\"><div class=\"fusion-text fusion-text-2\"><h3>Comment arriver<\/h3>\n<p>Le funiculaire se trouve \u00e0 cinq cents m\u00e8tres de la sortie d\u2019autoroute (E-35\/A 2) Lugano-Sud, et \u00e0 5 minutes de la gare CFF de Paradiso et des stations bus \u2018Paradiso, Stazione\/Scuole\u2019 et \u2018Paradiso, Geretta\u2019.<\/p>\n<p><strong>De la gare de Lugano:<\/strong><br \/>\nBus no. 2 jusqu\u2019\u00e0 \u2018Paradiso, Geretta\u2019<br \/>\nBus no. 431\/434 jusqu\u2019\u00e0 \u2018Paradiso, Stazione\/Scuole\u2019<\/p>\n<p><strong>Du centre de Lugano:<\/strong><br \/>\nBus no. 1 jusqu\u2019\u00e0 \u2018Paradiso, Stazione\/Scuole\u2019<\/p>\n<p><a href=\"https:\/\/www.sbb.ch\/fr\/\" target=\"_blank\" rel=\"noopener noreferrer\"><strong>Horaire bus<\/strong><\/a><\/p>\n<\/div><div class=\"fusion-separator fusion-full-width-sep\" style=\"align-self: center;margin-left: auto;margin-right: auto;margin-top:30px;width:100%;\"><\/div>\n<div ><a class=\"fusion-button button-flat fusion-button-default-size button-default fusion-button-default button-1 fusion-button-default-span fusion-button-default-type\" target=\"_blank\" rel=\"noopener noreferrer\" href=\"https:\/\/www.google.com\/maps\/place\/Funicolare+San+Salvatore\/@45.9868471,8.9405765,16z\/data=!4m10!1m2!2m1!1sfunicolare+san+salvatore!3m6!1s0x47842dbc5233ec93:0x8cb261be45201341!8m2!3d45.990365!4d8.9453903!15sChhmdW5pY29sYXJlIHNhbiBzYWx2YXRvcmWSARhpbmNsaW5lZF9yYWlsd2F5X3N0YXRpb27gAQA!16s%2Fg%2F1tfrwc3l?entry=ttu&amp;g_ep=EgoyMDI1MDIyNi4xIKXMDSoASAFQAw%3D%3D\"><span class=\"fusion-button-text awb-button__text awb-button__text--default\">Indications routi\u00e8res<\/span><\/a><\/div><div class=\"fusion-separator fusion-full-width-sep\" style=\"align-self: center;margin-left: auto;margin-right: auto;margin-top:30px;width:100%;\"><\/div><\/div><\/div><div class=\"fusion-layout-column fusion_builder_column fusion-builder-column-2 fusion_builder_column_1_3 1_3 fusion-flex-column\" style=\"--awb-bg-color:rgba(239,239,239,0);--awb-bg-color-hover:rgba(239,239,239,0);--awb-bg-size:cover;--awb-width-large:33.333333333333%;--awb-margin-top-large:0px;--awb-spacing-right-large:50px;--awb-margin-bottom-large:20px;--awb-spacing-left-large:7.125%;--awb-width-medium:33.333333333333%;--awb-order-medium:0;--awb-spacing-right-medium:50px;--awb-spacing-left-medium:7.125%;--awb-width-small:100%;--awb-order-small:0;--awb-spacing-right-small:2.375%;--awb-spacing-left-small:2.375%;\" data-scroll-devices=\"small-visibility,medium-visibility,large-visibility\"><div class=\"fusion-column-wrapper fusion-column-has-shadow fusion-flex-justify-content-flex-start fusion-content-layout-column\"><div class=\"fusion-text fusion-text-3\"><h3>Parking<\/h3>\n<p>Parking disponible \u00e0 Fr. 6.- sur la place du funiculaire San Salvatore.<br \/>\nStation de recharge pour voitures \u00e9lectriques disponible.<br \/>\nParking pour autocars disponible sur r\u00e9servation.<br \/>\nCamping-cars et caravanes interdits.<\/p>\n<\/div><i class=\"fb-icon-element-1 fb-icon-element fontawesome-icon fa-wheelchair fas circle-no fusion-text-flow\" style=\"--awb-iconcolor:var(--awb-color8);--awb-iconcolor-hover:var(--awb-color8);--awb-font-size:32px;--awb-margin-right:16px;\"><\/i><div class=\"fusion-separator fusion-full-width-sep\" style=\"align-self: center;margin-left: auto;margin-right: auto;margin-top:20px;width:100%;\"><\/div><div class=\"fusion-text fusion-text-4\"><p>L\u2019infrastructure est accessible aussi aux personnes \u00e0 mobilit\u00e9 r\u00e9duite (fauteuil roulant max 90x80cm\/200kg)<\/p>\n<\/div><div class=\"fusion-separator fusion-full-width-sep\" style=\"align-self: center;margin-left: auto;margin-right: auto;margin-top:30px;width:100%;\"><\/div><\/div><\/div><div class=\"fusion-layout-column fusion_builder_column fusion-builder-column-3 fusion_builder_column_1_3 1_3 fusion-flex-column\" style=\"--awb-bg-color:rgba(239,239,239,0);--awb-bg-color-hover:rgba(239,239,239,0);--awb-bg-size:cover;--awb-width-large:33.333333333333%;--awb-margin-top-large:0px;--awb-spacing-right-large:50px;--awb-margin-bottom-large:20px;--awb-spacing-left-large:7.125%;--awb-width-medium:33.333333333333%;--awb-order-medium:0;--awb-spacing-right-medium:50px;--awb-spacing-left-medium:7.125%;--awb-width-small:100%;--awb-order-small:0;--awb-spacing-right-small:2.375%;--awb-spacing-left-small:2.375%;\" data-scroll-devices=\"small-visibility,medium-visibility,large-visibility\"><div class=\"fusion-column-wrapper fusion-column-has-shadow fusion-flex-justify-content-flex-start fusion-content-layout-column\"><div class=\"fusion-text fusion-text-5\"><h3>Contacts<\/h3>\n<p>Funicolare Monte San Salvatore SA<br \/>\nVia delle scuole 7 \/ CP 442<br \/>\nCH-6902 Lugano-Paradiso<\/p>\n<p><strong><a href=\"tel:0041919852828\">+41 91 985 28 28<\/a><\/strong><br \/>\n<a href=\"mailto:info@montesansalvatore.ch\"><strong>info@montesansalvatore.ch<\/strong><\/a><\/p>\n<\/div><div class=\"fusion-separator fusion-full-width-sep\" style=\"align-self: center;margin-left: auto;margin-right: auto;margin-top:30px;width:100%;\"><\/div><div class=\"fusion-text fusion-text-6\"><h3>Newsletter<\/h3>\n<p><strong><a href=\"mailto:info@montesansalvatore.ch?subject=Iscrizione Newsletter\">Contactez-nous pour vous abonner \u00e0 la newsletter<\/a><\/strong><\/p>\n<\/div><div class=\"fusion-separator fusion-full-width-sep\" style=\"align-self: center;margin-left: auto;margin-right: auto;margin-top:30px;width:100%;\"><\/div><\/div><\/div><\/div><\/div>\n","protected":false},"excerpt":{"rendered":"","protected":false},"author":1,"featured_media":4664,"parent":0,"menu_order":0,"comment_status":"closed","ping_status":"closed","template":"100-width.php","meta":{"footnotes":""},"class_list":["post-5540","page","type-page","status-publish","has-post-thumbnail","hentry"],"publishpress_future_workflow_manual_trigger":{"enabledWorkflows":[]},"_links":{"self":[{"href":"https:\/\/www.montesansalvatore.ch\/fr\/wp-json\/wp\/v2\/pages\/5540","targetHints":{"allow":["GET"]}}],"collection":[{"href":"https:\/\/www.montesansalvatore.ch\/fr\/wp-json\/wp\/v2\/pages"}],"about":[{"href":"https:\/\/www.montesansalvatore.ch\/fr\/wp-json\/wp\/v2\/types\/page"}],"author":[{"embeddable":true,"href":"https:\/\/www.montesansalvatore.ch\/fr\/wp-json\/wp\/v2\/users\/1"}],"replies":[{"embeddable":true,"href":"https:\/\/www.montesansalvatore.ch\/fr\/wp-json\/wp\/v2\/comments?post=5540"}],"version-history":[{"count":4,"href":"https:\/\/www.montesansalvatore.ch\/fr\/wp-json\/wp\/v2\/pages\/5540\/revisions"}],"predecessor-version":[{"id":8032,"href":"https:\/\/www.montesansalvatore.ch\/fr\/wp-json\/wp\/v2\/pages\/5540\/revisions\/8032"}],"wp:featuredmedia":[{"embeddable":true,"href":"https:\/\/www.montesansalvatore.ch\/fr\/wp-json\/wp\/v2\/media\/4664"}],"wp:attachment":[{"href":"https:\/\/www.montesansalvatore.ch\/fr\/wp-json\/wp\/v2\/media?parent=5540"}],"curies":[{"name":"wp","href":"https:\/\/api.w.org\/{rel}","templated":true}]}}