{"id":5574,"date":"2025-02-05T11:05:12","date_gmt":"2025-02-05T10:05:12","guid":{"rendered":"https:\/\/sansa.diglab.ch\/monte-san-salvatore\/"},"modified":"2025-04-09T13:13:43","modified_gmt":"2025-04-09T12:13:43","slug":"monte-san-salvatore","status":"publish","type":"page","link":"https:\/\/www.montesansalvatore.ch\/de\/monte-san-salvatore\/","title":{"rendered":"Monte San Salvatore"},"content":{"rendered":"<div class=\"fusion-fullwidth fullwidth-box fusion-builder-row-1 fusion-flex-container has-pattern-background has-mask-background nonhundred-percent-fullwidth non-hundred-percent-height-scrolling\" style=\"--awb-border-color:var(--awb-color1);--awb-border-radius-top-left:0px;--awb-border-radius-top-right:0px;--awb-border-radius-bottom-right:0px;--awb-border-radius-bottom-left:0px;--awb-padding-top:100px;--awb-padding-bottom:50px;--awb-padding-top-medium:100px;--awb-padding-bottom-medium:100px;--awb-padding-top-small:100px;--awb-padding-bottom-small:100px;--awb-margin-bottom:100px;--awb-flex-wrap:wrap;\" ><div class=\"fusion-builder-row fusion-row fusion-flex-align-items-flex-start fusion-flex-content-wrap\" style=\"max-width:1365px;margin-left: calc(-5% \/ 2 );margin-right: calc(-5% \/ 2 );\"><div class=\"fusion-layout-column fusion_builder_column fusion-builder-column-0 fusion_builder_column_1_1 1_1 fusion-flex-column\" style=\"--awb-bg-color:rgba(239,239,239,0);--awb-bg-color-hover:rgba(239,239,239,0);--awb-bg-size:cover;--awb-width-large:100%;--awb-margin-top-large:0px;--awb-spacing-right-large:2.375%;--awb-margin-bottom-large:20px;--awb-spacing-left-large:2.375%;--awb-width-medium:100%;--awb-order-medium:0;--awb-spacing-right-medium:2.375%;--awb-spacing-left-medium:2.375%;--awb-width-small:100%;--awb-order-small:0;--awb-spacing-right-small:2.375%;--awb-spacing-left-small:2.375%;\" data-scroll-devices=\"small-visibility,medium-visibility,large-visibility\"><div class=\"fusion-column-wrapper fusion-column-has-shadow fusion-flex-justify-content-flex-start fusion-content-layout-column\"><div class=\"fusion-text fusion-text-1\" style=\"--awb-text-color:var(--awb-color5);\"><h1>Monte San Salvatore<\/h1>\n<\/div><div class=\"fusion-separator fusion-full-width-sep\" style=\"align-self: center;margin-left: auto;margin-right: auto;margin-top:30px;width:100%;\"><\/div>\n<\/div><\/div><div class=\"fusion-layout-column fusion_builder_column fusion-builder-column-1 fusion_builder_column_1_1 1_1 fusion-flex-column\" style=\"--awb-bg-color:rgba(239,239,239,0);--awb-bg-color-hover:rgba(239,239,239,0);--awb-bg-size:cover;--awb-width-large:100%;--awb-margin-top-large:0px;--awb-spacing-right-large:2.375%;--awb-margin-bottom-large:20px;--awb-spacing-left-large:2.375%;--awb-width-medium:100%;--awb-order-medium:0;--awb-spacing-right-medium:2.375%;--awb-spacing-left-medium:2.375%;--awb-width-small:100%;--awb-order-small:0;--awb-spacing-right-small:2.375%;--awb-spacing-left-small:2.375%;\" data-scroll-devices=\"small-visibility,medium-visibility,large-visibility\"><div class=\"fusion-column-wrapper fusion-column-has-shadow fusion-flex-justify-content-flex-start fusion-content-layout-column\"><div class=\"fusion-text fusion-text-2\"><h3>Der Monte San Salvatore (912 m \u00fc.M.) ist ein ganz besonderer Berg, ja legend\u00e4r k\u00f6nnte man sagen. Er entstand aus einem pr\u00e4historischen Meer in einer Umgebung, die dem heutigen Archipel der Bahamas sehr \u00e4hnlich war. Seine Vergangenheit verliert sich im Dunkel der Geschichte.<\/h3>\n<\/div><\/div><\/div><div class=\"fusion-layout-column fusion_builder_column fusion-builder-column-2 fusion_builder_column_1_3 1_3 fusion-flex-column fusion-column-inner-bg-wrapper\" style=\"--awb-inner-bg-color:rgba(239,239,239,0);--awb-inner-bg-color-hover:rgba(239,239,239,0);--awb-inner-bg-size:cover;--awb-transform:scaleX(1) scaleY(1);--awb-transform-hover:scaleX(1.02) scaleY(1.02);--awb-width-large:33.333333333333%;--awb-margin-top-large:0px;--awb-spacing-right-large:5px;--awb-margin-bottom-large:20px;--awb-spacing-left-large:7.125%;--awb-width-medium:33.333333333333%;--awb-order-medium:0;--awb-spacing-right-medium:5px;--awb-spacing-left-medium:7.125%;--awb-width-small:100%;--awb-order-small:0;--awb-spacing-right-small:2.375%;--awb-spacing-left-small:2.375%;\" data-scroll-devices=\"small-visibility,medium-visibility,large-visibility\"><span class=\"fusion-column-inner-bg hover-type-none\"><a class=\"fusion-column-anchor\" href=\"\/de\/monte-san-salvatore\/standseilbahn\/\"><span class=\"fusion-column-inner-bg-image\"><\/span><\/a><\/span><div class=\"fusion-column-wrapper fusion-column-has-shadow fusion-flex-justify-content-flex-start fusion-content-layout-column\"><div class=\"fusion-separator fusion-no-small-visibility fusion-full-width-sep\" style=\"align-self: center;margin-left: auto;margin-right: auto;margin-top:44px;width:100%;\"><\/div><div class=\"fusion-image-element \" style=\"--awb-aspect-ratio:3 \/ 2;--awb-caption-title-font-family:var(--h2_typography-font-family);--awb-caption-title-font-weight:var(--h2_typography-font-weight);--awb-caption-title-font-style:var(--h2_typography-font-style);--awb-caption-title-size:var(--h2_typography-font-size);--awb-caption-title-transform:var(--h2_typography-text-transform);--awb-caption-title-line-height:var(--h2_typography-line-height);--awb-caption-title-letter-spacing:var(--h2_typography-letter-spacing);\"><span class=\" fusion-imageframe imageframe-none imageframe-1 hover-type-none has-aspect-ratio\" style=\"border-radius:20px;\"><img decoding=\"async\" width=\"2560\" height=\"543\" title=\"sansalvatore_4.07.24_204_sito1-scaled\" src=\"https:\/\/www.montesansalvatore.ch\/wp-content\/uploads\/2025\/02\/sansalvatore_4.07.24_204_sito1-scaled-1.jpg\" data-orig-src=\"https:\/\/www.montesansalvatore.ch\/wp-content\/uploads\/2025\/02\/sansalvatore_4.07.24_204_sito1-scaled-1.jpg\" class=\"lazyload img-responsive wp-image-4521 img-with-aspect-ratio\" data-parent-fit=\"cover\" data-parent-container=\".fusion-image-element\" alt srcset=\"data:image\/svg+xml,%3Csvg%20xmlns%3D%27http%3A%2F%2Fwww.w3.org%2F2000%2Fsvg%27%20width%3D%272560%27%20height%3D%27543%27%20viewBox%3D%270%200%202560%20543%27%3E%3Crect%20width%3D%272560%27%20height%3D%27543%27%20fill-opacity%3D%220%22%2F%3E%3C%2Fsvg%3E\" data-srcset=\"https:\/\/www.montesansalvatore.ch\/wp-content\/uploads\/2025\/02\/sansalvatore_4.07.24_204_sito1-scaled-1-200x42.jpg 200w, https:\/\/www.montesansalvatore.ch\/wp-content\/uploads\/2025\/02\/sansalvatore_4.07.24_204_sito1-scaled-1-400x85.jpg 400w, https:\/\/www.montesansalvatore.ch\/wp-content\/uploads\/2025\/02\/sansalvatore_4.07.24_204_sito1-scaled-1-600x127.jpg 600w, https:\/\/www.montesansalvatore.ch\/wp-content\/uploads\/2025\/02\/sansalvatore_4.07.24_204_sito1-scaled-1-800x170.jpg 800w, https:\/\/www.montesansalvatore.ch\/wp-content\/uploads\/2025\/02\/sansalvatore_4.07.24_204_sito1-scaled-1-1200x255.jpg 1200w, https:\/\/www.montesansalvatore.ch\/wp-content\/uploads\/2025\/02\/sansalvatore_4.07.24_204_sito1-scaled-1.jpg 2560w\" data-sizes=\"auto\" data-orig-sizes=\"(max-width: 1000px) 100vw, 600px\" \/><\/span><\/div><div class=\"fusion-separator fusion-no-small-visibility fusion-full-width-sep\" style=\"align-self: center;margin-left: auto;margin-right: auto;margin-top:25px;width:100%;\"><\/div><div class=\"fusion-text fusion-text-3\"><h6>Standseilbahn<\/h6>\n<p>Seit 1890 in Betrieb.<\/p>\n<\/div><\/div><\/div><div class=\"fusion-layout-column fusion_builder_column fusion-builder-column-3 fusion_builder_column_1_3 1_3 fusion-flex-column fusion-column-inner-bg-wrapper\" style=\"--awb-inner-bg-color:rgba(239,239,239,0);--awb-inner-bg-color-hover:rgba(239,239,239,0);--awb-inner-bg-size:cover;--awb-transform:scaleX(1) scaleY(1);--awb-transform-hover:scaleX(1.02) scaleY(1.02);--awb-width-large:33.333333333333%;--awb-margin-top-large:0px;--awb-spacing-right-large:5px;--awb-margin-bottom-large:20px;--awb-spacing-left-large:7.125%;--awb-width-medium:33.333333333333%;--awb-order-medium:0;--awb-spacing-right-medium:5px;--awb-spacing-left-medium:7.125%;--awb-width-small:100%;--awb-order-small:0;--awb-spacing-right-small:2.375%;--awb-spacing-left-small:2.375%;\" data-scroll-devices=\"small-visibility,medium-visibility,large-visibility\"><span class=\"fusion-column-inner-bg hover-type-none\"><a class=\"fusion-column-anchor\" href=\"\/de\/monte-san-salvatore\/panorama\/\"><span class=\"fusion-column-inner-bg-image\"><\/span><\/a><\/span><div class=\"fusion-column-wrapper fusion-column-has-shadow fusion-flex-justify-content-flex-start fusion-content-layout-column\"><div class=\"fusion-separator fusion-no-small-visibility fusion-full-width-sep\" style=\"align-self: center;margin-left: auto;margin-right: auto;margin-top:44px;width:100%;\"><\/div><div class=\"fusion-image-element \" style=\"--awb-aspect-ratio:3 \/ 2;--awb-caption-title-font-family:var(--h2_typography-font-family);--awb-caption-title-font-weight:var(--h2_typography-font-weight);--awb-caption-title-font-style:var(--h2_typography-font-style);--awb-caption-title-size:var(--h2_typography-font-size);--awb-caption-title-transform:var(--h2_typography-text-transform);--awb-caption-title-line-height:var(--h2_typography-line-height);--awb-caption-title-letter-spacing:var(--h2_typography-letter-spacing);\"><span class=\" fusion-imageframe imageframe-none imageframe-2 hover-type-none has-aspect-ratio\" style=\"border-radius:20px;\"><img decoding=\"async\" width=\"1000\" height=\"296\" title=\"panorama-monte-1\" src=\"https:\/\/www.montesansalvatore.ch\/wp-content\/uploads\/2025\/02\/panorama-monte-1.jpg\" data-orig-src=\"https:\/\/www.montesansalvatore.ch\/wp-content\/uploads\/2025\/02\/panorama-monte-1.jpg\" class=\"lazyload img-responsive wp-image-4509 img-with-aspect-ratio\" data-parent-fit=\"cover\" data-parent-container=\".fusion-image-element\" alt srcset=\"data:image\/svg+xml,%3Csvg%20xmlns%3D%27http%3A%2F%2Fwww.w3.org%2F2000%2Fsvg%27%20width%3D%271000%27%20height%3D%27296%27%20viewBox%3D%270%200%201000%20296%27%3E%3Crect%20width%3D%271000%27%20height%3D%27296%27%20fill-opacity%3D%220%22%2F%3E%3C%2Fsvg%3E\" data-srcset=\"https:\/\/www.montesansalvatore.ch\/wp-content\/uploads\/2025\/02\/panorama-monte-1-200x59.jpg 200w, https:\/\/www.montesansalvatore.ch\/wp-content\/uploads\/2025\/02\/panorama-monte-1-400x118.jpg 400w, https:\/\/www.montesansalvatore.ch\/wp-content\/uploads\/2025\/02\/panorama-monte-1-600x178.jpg 600w, https:\/\/www.montesansalvatore.ch\/wp-content\/uploads\/2025\/02\/panorama-monte-1-800x237.jpg 800w, https:\/\/www.montesansalvatore.ch\/wp-content\/uploads\/2025\/02\/panorama-monte-1.jpg 1000w\" data-sizes=\"auto\" data-orig-sizes=\"(max-width: 1000px) 100vw, 600px\" \/><\/span><\/div><div class=\"fusion-separator fusion-no-small-visibility fusion-full-width-sep\" style=\"align-self: center;margin-left: auto;margin-right: auto;margin-top:25px;width:100%;\"><\/div><div class=\"fusion-text fusion-text-4\"><h6>Panorama<\/h6>\n<p>Ein Spektakel, das man pers\u00f6nlich erleben muss.<\/p>\n<\/div><\/div><\/div><div class=\"fusion-layout-column fusion_builder_column fusion-builder-column-4 fusion_builder_column_1_3 1_3 fusion-flex-column fusion-column-inner-bg-wrapper\" style=\"--awb-inner-bg-color:rgba(239,239,239,0);--awb-inner-bg-color-hover:rgba(239,239,239,0);--awb-inner-bg-size:cover;--awb-transform:scaleX(1) scaleY(1);--awb-transform-hover:scaleX(1.02) scaleY(1.02);--awb-width-large:33.333333333333%;--awb-margin-top-large:0px;--awb-spacing-right-large:5px;--awb-margin-bottom-large:20px;--awb-spacing-left-large:7.125%;--awb-width-medium:33.333333333333%;--awb-order-medium:0;--awb-spacing-right-medium:5px;--awb-spacing-left-medium:7.125%;--awb-width-small:100%;--awb-order-small:0;--awb-spacing-right-small:2.375%;--awb-spacing-left-small:2.375%;\" data-scroll-devices=\"small-visibility,medium-visibility,large-visibility\"><span class=\"fusion-column-inner-bg hover-type-none\"><a class=\"fusion-column-anchor\" href=\"\/de\/monte-san-salvatore\/unternehmen\/\"><span class=\"fusion-column-inner-bg-image\"><\/span><\/a><\/span><div class=\"fusion-column-wrapper fusion-column-has-shadow fusion-flex-justify-content-flex-start fusion-content-layout-column\"><div class=\"fusion-separator fusion-no-small-visibility fusion-full-width-sep\" style=\"align-self: center;margin-left: auto;margin-right: auto;margin-top:44px;width:100%;\"><\/div><div class=\"fusion-image-element \" style=\"--awb-aspect-ratio:3 \/ 2;--awb-caption-title-font-family:var(--h2_typography-font-family);--awb-caption-title-font-weight:var(--h2_typography-font-weight);--awb-caption-title-font-style:var(--h2_typography-font-style);--awb-caption-title-size:var(--h2_typography-font-size);--awb-caption-title-transform:var(--h2_typography-text-transform);--awb-caption-title-line-height:var(--h2_typography-line-height);--awb-caption-title-letter-spacing:var(--h2_typography-letter-spacing);\"><span class=\" fusion-imageframe imageframe-none imageframe-3 hover-type-none has-aspect-ratio\" style=\"border-radius:20px;\"><img decoding=\"async\" width=\"2560\" height=\"542\" title=\"testata-storia-high\" src=\"https:\/\/www.montesansalvatore.ch\/wp-content\/uploads\/2025\/02\/testata-storia-high-scaled.jpg\" data-orig-src=\"https:\/\/www.montesansalvatore.ch\/wp-content\/uploads\/2025\/02\/testata-storia-high-scaled.jpg\" class=\"lazyload img-responsive wp-image-4533 img-with-aspect-ratio\" data-parent-fit=\"cover\" data-parent-container=\".fusion-image-element\" alt srcset=\"data:image\/svg+xml,%3Csvg%20xmlns%3D%27http%3A%2F%2Fwww.w3.org%2F2000%2Fsvg%27%20width%3D%272560%27%20height%3D%27542%27%20viewBox%3D%270%200%202560%20542%27%3E%3Crect%20width%3D%272560%27%20height%3D%27542%27%20fill-opacity%3D%220%22%2F%3E%3C%2Fsvg%3E\" data-srcset=\"https:\/\/www.montesansalvatore.ch\/wp-content\/uploads\/2025\/02\/testata-storia-high-200x42.jpg 200w, https:\/\/www.montesansalvatore.ch\/wp-content\/uploads\/2025\/02\/testata-storia-high-400x85.jpg 400w, https:\/\/www.montesansalvatore.ch\/wp-content\/uploads\/2025\/02\/testata-storia-high-600x127.jpg 600w, https:\/\/www.montesansalvatore.ch\/wp-content\/uploads\/2025\/02\/testata-storia-high-800x169.jpg 800w, https:\/\/www.montesansalvatore.ch\/wp-content\/uploads\/2025\/02\/testata-storia-high-1200x254.jpg 1200w, https:\/\/www.montesansalvatore.ch\/wp-content\/uploads\/2025\/02\/testata-storia-high-scaled.jpg 2560w\" data-sizes=\"auto\" data-orig-sizes=\"(max-width: 1000px) 100vw, 600px\" \/><\/span><\/div><div class=\"fusion-separator fusion-no-small-visibility fusion-full-width-sep\" style=\"align-self: center;margin-left: auto;margin-right: auto;margin-top:25px;width:100%;\"><\/div><div class=\"fusion-text fusion-text-5\"><h6>Geschichte und Unternehmen<\/h6>\n<p>Der San Salvatore ist einer der bekanntesten Berge.<\/p>\n<\/div><\/div><\/div><div class=\"fusion-layout-column fusion_builder_column fusion-builder-column-5 fusion_builder_column_1_3 1_3 fusion-flex-column fusion-column-inner-bg-wrapper\" style=\"--awb-inner-bg-color:rgba(239,239,239,0);--awb-inner-bg-color-hover:rgba(239,239,239,0);--awb-inner-bg-size:cover;--awb-transform:scaleX(1) scaleY(1);--awb-transform-hover:scaleX(1.02) scaleY(1.02);--awb-width-large:33.333333333333%;--awb-margin-top-large:0px;--awb-spacing-right-large:5px;--awb-margin-bottom-large:20px;--awb-spacing-left-large:7.125%;--awb-width-medium:33.333333333333%;--awb-order-medium:0;--awb-spacing-right-medium:5px;--awb-spacing-left-medium:7.125%;--awb-width-small:100%;--awb-order-small:0;--awb-spacing-right-small:2.375%;--awb-spacing-left-small:2.375%;\" data-scroll-devices=\"small-visibility,medium-visibility,large-visibility\"><span class=\"fusion-column-inner-bg hover-type-none\"><a class=\"fusion-column-anchor\" href=\"\/de\/monte-san-salvatore\/geschaeftsbericht\/\"><span class=\"fusion-column-inner-bg-image\"><\/span><\/a><\/span><div class=\"fusion-column-wrapper fusion-column-has-shadow fusion-flex-justify-content-flex-start fusion-content-layout-column\"><div class=\"fusion-separator fusion-no-small-visibility fusion-full-width-sep\" style=\"align-self: center;margin-left: auto;margin-right: auto;margin-top:44px;width:100%;\"><\/div><div class=\"fusion-image-element \" style=\"--awb-aspect-ratio:3 \/ 2;--awb-caption-title-font-family:var(--h2_typography-font-family);--awb-caption-title-font-weight:var(--h2_typography-font-weight);--awb-caption-title-font-style:var(--h2_typography-font-style);--awb-caption-title-size:var(--h2_typography-font-size);--awb-caption-title-transform:var(--h2_typography-text-transform);--awb-caption-title-line-height:var(--h2_typography-line-height);--awb-caption-title-letter-spacing:var(--h2_typography-letter-spacing);\"><span class=\" fusion-imageframe imageframe-none imageframe-4 hover-type-none has-aspect-ratio\" style=\"border-radius:20px;\"><img decoding=\"async\" width=\"2560\" height=\"542\" title=\"testata-rapporti\" src=\"https:\/\/www.montesansalvatore.ch\/wp-content\/uploads\/2025\/02\/testata-rapporti-scaled.jpg\" data-orig-src=\"https:\/\/www.montesansalvatore.ch\/wp-content\/uploads\/2025\/02\/testata-rapporti-scaled.jpg\" class=\"lazyload img-responsive wp-image-4542 img-with-aspect-ratio\" data-parent-fit=\"cover\" data-parent-container=\".fusion-image-element\" alt srcset=\"data:image\/svg+xml,%3Csvg%20xmlns%3D%27http%3A%2F%2Fwww.w3.org%2F2000%2Fsvg%27%20width%3D%272560%27%20height%3D%27542%27%20viewBox%3D%270%200%202560%20542%27%3E%3Crect%20width%3D%272560%27%20height%3D%27542%27%20fill-opacity%3D%220%22%2F%3E%3C%2Fsvg%3E\" data-srcset=\"https:\/\/www.montesansalvatore.ch\/wp-content\/uploads\/2025\/02\/testata-rapporti-200x42.jpg 200w, https:\/\/www.montesansalvatore.ch\/wp-content\/uploads\/2025\/02\/testata-rapporti-400x85.jpg 400w, https:\/\/www.montesansalvatore.ch\/wp-content\/uploads\/2025\/02\/testata-rapporti-600x127.jpg 600w, https:\/\/www.montesansalvatore.ch\/wp-content\/uploads\/2025\/02\/testata-rapporti-800x169.jpg 800w, https:\/\/www.montesansalvatore.ch\/wp-content\/uploads\/2025\/02\/testata-rapporti-1200x254.jpg 1200w, https:\/\/www.montesansalvatore.ch\/wp-content\/uploads\/2025\/02\/testata-rapporti-scaled.jpg 2560w\" data-sizes=\"auto\" data-orig-sizes=\"(max-width: 1000px) 100vw, 600px\" \/><\/span><\/div><div class=\"fusion-separator fusion-no-small-visibility fusion-full-width-sep\" style=\"align-self: center;margin-left: auto;margin-right: auto;margin-top:25px;width:100%;\"><\/div><div class=\"fusion-text fusion-text-6\"><h6>Gesch\u00e4ftsbericht<\/h6>\n<p>Unsere Ergebnisse, Jahr f\u00fcr Jahr.<\/p>\n<\/div><\/div><\/div><div class=\"fusion-layout-column fusion_builder_column fusion-builder-column-6 fusion_builder_column_1_3 1_3 fusion-flex-column fusion-column-inner-bg-wrapper\" style=\"--awb-inner-bg-color:rgba(239,239,239,0);--awb-inner-bg-color-hover:rgba(239,239,239,0);--awb-inner-bg-size:cover;--awb-transform:scaleX(1.00) scaleY(1.00);--awb-transform-hover:scaleX(1.02) scaleY(1.02);--awb-width-large:33.333333333333%;--awb-margin-top-large:0px;--awb-spacing-right-large:5px;--awb-margin-bottom-large:20px;--awb-spacing-left-large:7.125%;--awb-width-medium:33.333333333333%;--awb-order-medium:0;--awb-spacing-right-medium:5px;--awb-spacing-left-medium:7.125%;--awb-width-small:100%;--awb-order-small:0;--awb-spacing-right-small:2.375%;--awb-spacing-left-small:2.375%;\" data-scroll-devices=\"small-visibility,medium-visibility,large-visibility\"><span class=\"fusion-column-inner-bg hover-type-none\"><a class=\"fusion-column-anchor\" href=\"\/de\/monte-san-salvatore\/sendestation\/\"><span class=\"fusion-column-inner-bg-image\"><\/span><\/a><\/span><div class=\"fusion-column-wrapper fusion-column-has-shadow fusion-flex-justify-content-flex-start fusion-content-layout-column\"><div class=\"fusion-separator fusion-no-small-visibility fusion-full-width-sep\" style=\"align-self: center;margin-left: auto;margin-right: auto;margin-top:44px;width:100%;\"><\/div><div class=\"fusion-image-element \" style=\"--awb-aspect-ratio:3 \/ 2;--awb-object-position:80% 50%;--awb-caption-title-font-family:var(--h2_typography-font-family);--awb-caption-title-font-weight:var(--h2_typography-font-weight);--awb-caption-title-font-style:var(--h2_typography-font-style);--awb-caption-title-size:var(--h2_typography-font-size);--awb-caption-title-transform:var(--h2_typography-text-transform);--awb-caption-title-line-height:var(--h2_typography-line-height);--awb-caption-title-letter-spacing:var(--h2_typography-letter-spacing);\"><span class=\" fusion-imageframe imageframe-none imageframe-5 hover-type-none has-aspect-ratio\" style=\"border-radius:20px;\"><img decoding=\"async\" width=\"2000\" height=\"1192\" title=\"pano2\" src=\"https:\/\/www.montesansalvatore.ch\/wp-content\/uploads\/2025\/02\/pano2.jpg\" data-orig-src=\"https:\/\/www.montesansalvatore.ch\/wp-content\/uploads\/2025\/02\/pano2.jpg\" class=\"lazyload img-responsive wp-image-5169 img-with-aspect-ratio\" data-parent-fit=\"cover\" data-parent-container=\".fusion-image-element\" alt srcset=\"data:image\/svg+xml,%3Csvg%20xmlns%3D%27http%3A%2F%2Fwww.w3.org%2F2000%2Fsvg%27%20width%3D%272000%27%20height%3D%271192%27%20viewBox%3D%270%200%202000%201192%27%3E%3Crect%20width%3D%272000%27%20height%3D%271192%27%20fill-opacity%3D%220%22%2F%3E%3C%2Fsvg%3E\" data-srcset=\"https:\/\/www.montesansalvatore.ch\/wp-content\/uploads\/2025\/02\/pano2-200x119.jpg 200w, https:\/\/www.montesansalvatore.ch\/wp-content\/uploads\/2025\/02\/pano2-400x238.jpg 400w, https:\/\/www.montesansalvatore.ch\/wp-content\/uploads\/2025\/02\/pano2-600x358.jpg 600w, https:\/\/www.montesansalvatore.ch\/wp-content\/uploads\/2025\/02\/pano2-800x477.jpg 800w, https:\/\/www.montesansalvatore.ch\/wp-content\/uploads\/2025\/02\/pano2-1200x715.jpg 1200w, https:\/\/www.montesansalvatore.ch\/wp-content\/uploads\/2025\/02\/pano2.jpg 2000w\" data-sizes=\"auto\" data-orig-sizes=\"(max-width: 1000px) 100vw, 600px\" \/><\/span><\/div><div class=\"fusion-separator fusion-no-small-visibility fusion-full-width-sep\" style=\"align-self: center;margin-left: auto;margin-right: auto;margin-top:25px;width:100%;\"><\/div><div class=\"fusion-text fusion-text-7\"><h6>Antenne<\/h6>\n<p>Die wichtigste Sendestation unseres Kantons.<\/p>\n<\/div><\/div><\/div><div class=\"fusion-layout-column fusion_builder_column fusion-builder-column-7 fusion_builder_column_1_3 1_3 fusion-flex-column fusion-column-inner-bg-wrapper\" style=\"--awb-inner-bg-color:rgba(239,239,239,0);--awb-inner-bg-color-hover:rgba(239,239,239,0);--awb-inner-bg-size:cover;--awb-transform:scaleX(1.00) scaleY(1.00);--awb-transform-hover:scaleX(1.02) scaleY(1.02);--awb-width-large:33.333333333333%;--awb-margin-top-large:0px;--awb-spacing-right-large:5px;--awb-margin-bottom-large:20px;--awb-spacing-left-large:7.125%;--awb-width-medium:33.333333333333%;--awb-order-medium:0;--awb-spacing-right-medium:5px;--awb-spacing-left-medium:7.125%;--awb-width-small:100%;--awb-order-small:0;--awb-spacing-right-small:2.375%;--awb-spacing-left-small:2.375%;\" data-scroll-devices=\"small-visibility,medium-visibility,large-visibility\"><span class=\"fusion-column-inner-bg hover-type-none\"><a class=\"fusion-column-anchor\" href=\"\/de\/monte-san-salvatore\/unsere-partner\/\"><span class=\"fusion-column-inner-bg-image\"><\/span><\/a><\/span><div class=\"fusion-column-wrapper fusion-column-has-shadow fusion-flex-justify-content-flex-start fusion-content-layout-column\"><div class=\"fusion-separator fusion-no-small-visibility fusion-full-width-sep\" style=\"align-self: center;margin-left: auto;margin-right: auto;margin-top:44px;width:100%;\"><\/div><div class=\"fusion-image-element \" style=\"--awb-aspect-ratio:3 \/ 2;--awb-caption-title-font-family:var(--h2_typography-font-family);--awb-caption-title-font-weight:var(--h2_typography-font-weight);--awb-caption-title-font-style:var(--h2_typography-font-style);--awb-caption-title-size:var(--h2_typography-font-size);--awb-caption-title-transform:var(--h2_typography-text-transform);--awb-caption-title-line-height:var(--h2_typography-line-height);--awb-caption-title-letter-spacing:var(--h2_typography-letter-spacing);\"><span class=\" fusion-imageframe imageframe-none imageframe-6 hover-type-none has-aspect-ratio\" style=\"border-radius:20px;\"><img decoding=\"async\" width=\"2000\" height=\"661\" title=\"partner\" src=\"https:\/\/www.montesansalvatore.ch\/wp-content\/uploads\/2025\/02\/partner.jpg\" data-orig-src=\"https:\/\/www.montesansalvatore.ch\/wp-content\/uploads\/2025\/02\/partner.jpg\" class=\"lazyload img-responsive wp-image-5304 img-with-aspect-ratio\" data-parent-fit=\"cover\" data-parent-container=\".fusion-image-element\" alt srcset=\"data:image\/svg+xml,%3Csvg%20xmlns%3D%27http%3A%2F%2Fwww.w3.org%2F2000%2Fsvg%27%20width%3D%272000%27%20height%3D%27661%27%20viewBox%3D%270%200%202000%20661%27%3E%3Crect%20width%3D%272000%27%20height%3D%27661%27%20fill-opacity%3D%220%22%2F%3E%3C%2Fsvg%3E\" data-srcset=\"https:\/\/www.montesansalvatore.ch\/wp-content\/uploads\/2025\/02\/partner-200x66.jpg 200w, https:\/\/www.montesansalvatore.ch\/wp-content\/uploads\/2025\/02\/partner-400x132.jpg 400w, https:\/\/www.montesansalvatore.ch\/wp-content\/uploads\/2025\/02\/partner-600x198.jpg 600w, https:\/\/www.montesansalvatore.ch\/wp-content\/uploads\/2025\/02\/partner-800x264.jpg 800w, https:\/\/www.montesansalvatore.ch\/wp-content\/uploads\/2025\/02\/partner-1200x397.jpg 1200w, https:\/\/www.montesansalvatore.ch\/wp-content\/uploads\/2025\/02\/partner.jpg 2000w\" data-sizes=\"auto\" data-orig-sizes=\"(max-width: 1000px) 100vw, 600px\" \/><\/span><\/div><div class=\"fusion-separator fusion-no-small-visibility fusion-full-width-sep\" style=\"align-self: center;margin-left: auto;margin-right: auto;margin-top:25px;width:100%;\"><\/div><div class=\"fusion-text fusion-text-8\"><h6>Unsere Partner<\/h6>\n<p>Die Unternehmen, mit denen wir zusammenarbeiten.<\/p>\n<\/div><\/div><\/div><\/div><\/div>\n","protected":false},"excerpt":{"rendered":"","protected":false},"author":1,"featured_media":5451,"parent":0,"menu_order":0,"comment_status":"closed","ping_status":"closed","template":"100-width.php","meta":{"footnotes":""},"class_list":["post-5574","page","type-page","status-publish","has-post-thumbnail","hentry"],"publishpress_future_workflow_manual_trigger":{"enabledWorkflows":[]},"_links":{"self":[{"href":"https:\/\/www.montesansalvatore.ch\/de\/wp-json\/wp\/v2\/pages\/5574","targetHints":{"allow":["GET"]}}],"collection":[{"href":"https:\/\/www.montesansalvatore.ch\/de\/wp-json\/wp\/v2\/pages"}],"about":[{"href":"https:\/\/www.montesansalvatore.ch\/de\/wp-json\/wp\/v2\/types\/page"}],"author":[{"embeddable":true,"href":"https:\/\/www.montesansalvatore.ch\/de\/wp-json\/wp\/v2\/users\/1"}],"replies":[{"embeddable":true,"href":"https:\/\/www.montesansalvatore.ch\/de\/wp-json\/wp\/v2\/comments?post=5574"}],"version-history":[{"count":6,"href":"https:\/\/www.montesansalvatore.ch\/de\/wp-json\/wp\/v2\/pages\/5574\/revisions"}],"predecessor-version":[{"id":7562,"href":"https:\/\/www.montesansalvatore.ch\/de\/wp-json\/wp\/v2\/pages\/5574\/revisions\/7562"}],"wp:featuredmedia":[{"embeddable":true,"href":"https:\/\/www.montesansalvatore.ch\/de\/wp-json\/wp\/v2\/media\/5451"}],"wp:attachment":[{"href":"https:\/\/www.montesansalvatore.ch\/de\/wp-json\/wp\/v2\/media?parent=5574"}],"curies":[{"name":"wp","href":"https:\/\/api.w.org\/{rel}","templated":true}]}}