{"id":5556,"date":"2025-02-05T14:30:39","date_gmt":"2025-02-05T13:30:39","guid":{"rendered":"https:\/\/sansa.diglab.ch\/antenna\/"},"modified":"2025-04-09T13:20:47","modified_gmt":"2025-04-09T12:20:47","slug":"sendestation","status":"publish","type":"page","link":"https:\/\/www.montesansalvatore.ch\/de\/monte-san-salvatore\/sendestation\/","title":{"rendered":"Antenne"},"content":{"rendered":"<p><div class=\"fusion-fullwidth fullwidth-box fusion-builder-row-1 fusion-flex-container has-pattern-background has-mask-background nonhundred-percent-fullwidth non-hundred-percent-height-scrolling\" style=\"--awb-border-color:var(--awb-color1);--awb-border-radius-top-left:0px;--awb-border-radius-top-right:0px;--awb-border-radius-bottom-right:0px;--awb-border-radius-bottom-left:0px;--awb-padding-top:100px;--awb-padding-bottom:50px;--awb-padding-top-medium:100px;--awb-padding-bottom-medium:100px;--awb-padding-top-small:100px;--awb-padding-bottom-small:100px;--awb-margin-bottom:100px;--awb-flex-wrap:wrap;\" ><div class=\"fusion-builder-row fusion-row fusion-flex-align-items-flex-start fusion-flex-content-wrap\" style=\"max-width:1365px;margin-left: calc(-5% \/ 2 );margin-right: calc(-5% \/ 2 );\"><div class=\"fusion-layout-column fusion_builder_column fusion-builder-column-0 fusion_builder_column_1_1 1_1 fusion-flex-column\" style=\"--awb-bg-color:rgba(239,239,239,0);--awb-bg-color-hover:rgba(239,239,239,0);--awb-bg-size:cover;--awb-width-large:100%;--awb-margin-top-large:0px;--awb-spacing-right-large:2.375%;--awb-margin-bottom-large:20px;--awb-spacing-left-large:2.375%;--awb-width-medium:100%;--awb-order-medium:0;--awb-spacing-right-medium:2.375%;--awb-spacing-left-medium:2.375%;--awb-width-small:100%;--awb-order-small:0;--awb-spacing-right-small:2.375%;--awb-spacing-left-small:2.375%;\" data-scroll-devices=\"small-visibility,medium-visibility,large-visibility\"><div class=\"fusion-column-wrapper fusion-column-has-shadow fusion-flex-justify-content-flex-start fusion-content-layout-column\"><div class=\"fusion-text fusion-text-1\" style=\"--awb-text-color:var(--awb-color5);\"><h1>Antenne<\/h1>\n<\/div><\/div><\/div><div class=\"fusion-layout-column fusion_builder_column fusion-builder-column-1 fusion_builder_column_1_1 1_1 fusion-flex-column\" style=\"--awb-bg-color:rgba(239,239,239,0);--awb-bg-color-hover:rgba(239,239,239,0);--awb-bg-size:cover;--awb-width-large:100%;--awb-margin-top-large:0px;--awb-spacing-right-large:50px;--awb-margin-bottom-large:20px;--awb-spacing-left-large:2.375%;--awb-width-medium:100%;--awb-order-medium:0;--awb-spacing-right-medium:50px;--awb-spacing-left-medium:2.375%;--awb-width-small:100%;--awb-order-small:0;--awb-spacing-right-small:2.375%;--awb-spacing-left-small:2.375%;\" data-scroll-devices=\"small-visibility,medium-visibility,large-visibility\"><div class=\"fusion-column-wrapper fusion-column-has-shadow fusion-flex-justify-content-flex-start fusion-content-layout-column\"><div class=\"fusion-text fusion-text-2\"><h3>Geschichte der Sendestation Monte San Salvatore.<\/h3>\n<p>Die Sendeanlage des Monte San Salvatore, das sich im Besitz der Swisscom Broadcast SA befindet, ist die in Bezug auf ihre Gr\u00f6sse und Benutzerzahl wichtigste Sendestation unseres Kantons. Die Station wurde 1957 zur Ausstrahlung des Programms des Schweizer Fernsehens errichtet. Heute werden auf dem Gipfel zahlreiche Telekommunikationsdienste \u00fcbertragen: Radio- und Fernsehprogramme von SSR, SRG und Id\u00e9e Suisse, Private Radiosender, Festnetz- und Mobiltelefonie sowie Sicherheitsfunknetze.<\/p>\n<\/div><\/div><\/div><div class=\"fusion-layout-column fusion_builder_column fusion-builder-column-2 fusion_builder_column_1_2 1_2 fusion-flex-column\" style=\"--awb-bg-color:rgba(239,239,239,0);--awb-bg-color-hover:rgba(239,239,239,0);--awb-bg-size:cover;--awb-width-large:50%;--awb-margin-top-large:0px;--awb-spacing-right-large:50px;--awb-margin-bottom-large:20px;--awb-spacing-left-large:4.75%;--awb-width-medium:50%;--awb-order-medium:0;--awb-spacing-right-medium:50px;--awb-spacing-left-medium:4.75%;--awb-width-small:100%;--awb-order-small:0;--awb-spacing-right-small:2.375%;--awb-spacing-left-small:2.375%;\" data-scroll-devices=\"small-visibility,medium-visibility,large-visibility\"><div class=\"fusion-column-wrapper fusion-column-has-shadow fusion-flex-justify-content-flex-start fusion-content-layout-column\"><div class=\"fusion-text fusion-text-3\"><h3>1958<\/h3>\n<p>29. November Einweihung der ersten Radio- und Fernsehsendeanlagen. Es handelte sich um eine TV-Sendeanlage f\u00fcr das teilweise in italienischer Sprache gesendete Programm und einen UKW-Radiosender zur \u00dcbertragung des 2. Programms der RSI.<\/p>\n<h3>1960<\/h3>\n<p>Am 7. Oktober ging ein zweiter UKW-Sender zur \u00dcbertragung des 1. Programms der RSI in Betrieb. Am 28. November startete die \u00dcbertragung des landesweiten Programms der RAI im Gebiet zwischen Campione und Porlezza.<\/p>\n<h3>1968<\/h3>\n<p>Der Bundesrat beauftragte das Unternehmen PTT, unverz\u00fcglich verschiedene Anlagen f\u00fcr die Ausstrahlung des 2. Fernsehprogramms in den Gebirgsregionen zu installieren. Kurz darauf wurde ein provisorischer Pavillon errichtet (das 1957 errichtete Geb\u00e4ude war inzwischen zu klein geworden). Gleichzeitig wurde der 60 Meter hohe Antennenmast durch einen Mast mit 86 Metern H\u00f6he ersetzt, der die neuen Anlagen aufnehmen konnte.<\/p>\n<h3>1969<\/h3>\n<p>Am 20. Juni 1969 wurden die neuen Anlagen offiziell in Betrieb genommen. Im gleichen Geb\u00e4ude wurden die Verst\u00e4rker der RAI f\u00fcr das 2. Programm installiert. Parallel dazu begann die Planung eines neuen Geb\u00e4udes, in dem \u2013 neben den genannten Anlagen \u2013 auch die Ausr\u00fcstung f\u00fcr das 3. Fernsehprogramm, die Installationen f\u00fcr die Stromversorgung, die Rettungswacht, die Batteriebl\u00f6cke usw. untergebracht werden sollten, um einen sicheren und von externen Einfl\u00fcssen m\u00f6glichst unabh\u00e4ngigen Betrieb der Station (wie z.B. bei Stromausfall) zu gew\u00e4hrleisten.<\/p>\n<h3>1972<\/h3>\n<p>Mitte des Jahres 1972 begannen die Arbeiten an der neuen Sendeanlage. Die Arbeiten wurden planm\u00e4ssig durchgef\u00fchrt, w\u00e4hrend alle vorhandenen Programme weiter gesendet wurden. Besonderes Augenmerk galt hierbei der Bewahrung der nat\u00fcrlichen Sch\u00f6nheit dieser atemberaubenden Region. Der gewaltige Bau mit ca. 7300m3 ist unterteilt in zwei Ebenen, wobei die Dachebene des Geb\u00e4udes als Panoramaterrasse f\u00fcr Besucher dient.<\/p>\n<\/div><\/div><\/div><div class=\"fusion-layout-column fusion_builder_column fusion-builder-column-3 fusion_builder_column_1_2 1_2 fusion-flex-column\" style=\"--awb-bg-color:rgba(239,239,239,0);--awb-bg-color-hover:rgba(239,239,239,0);--awb-bg-size:cover;--awb-width-large:50%;--awb-margin-top-large:0px;--awb-spacing-right-large:50px;--awb-margin-bottom-large:20px;--awb-spacing-left-large:4.75%;--awb-width-medium:50%;--awb-order-medium:0;--awb-spacing-right-medium:50px;--awb-spacing-left-medium:4.75%;--awb-width-small:100%;--awb-order-small:0;--awb-spacing-right-small:2.375%;--awb-spacing-left-small:2.375%;\" data-scroll-devices=\"small-visibility,medium-visibility,large-visibility\"><div class=\"fusion-column-wrapper fusion-column-has-shadow fusion-flex-justify-content-flex-start fusion-content-layout-column\"><div class=\"fusion-text fusion-text-4\"><h3>1974<\/h3>\n<p>Einweihung des neuen Geb\u00e4udes<\/p>\n<h3>1975<\/h3>\n<p>Seit dem 16. Juni besitzt die Region Sottoceneri (s\u00fcdliches Tessin) einen wichtigen Telekommunikationskomplex: vom Monte San Salvatore werden gleichzeitig und vollst\u00e4ndig die drei landesweiten Schweizer Fernsehprogramme, die beiden Radioprogramme der RSI auf UKW und zwei Fernsehprogramme der RAI \u00fcbertragen. Dar\u00fcber hinaus erf\u00fcllt der Komplex weitere wichtige Funktionen im Zusammenhang mit der Ausstrahlung von Radio- und Fernsehprogrammen, wie z.B. als wichtiger Zugangspunkt zum prim\u00e4ren mobilen Richtfunknetz von San Salvatore und von dort \u2013 \u00fcber die Richtfunkanlage des Monte Generoso \u2013 zu den Fernsehstudios, wo die Programme in die \u00f6ffentlichen \u00dcbertragungsnetze letztlich eingespeist werden.<\/p>\n<h3>2003<\/h3>\n<p>Im Laufe des Jahres 2003 begannen die Arbeiten an dem neuen Sendenetz f\u00fcr terrestrisches Digitalfernsehen (DVB-T) f\u00fcr 4 Programme (TSI1, TSI2, TSR1, SF1).<\/p>\n<h3>2006<\/h3>\n<p>Im Laufe des Jahres 2006 begannen die Arbeiten an dem neuen Sendenetz f\u00fcr Digitalradio, zun\u00e4chst DAB und dann DAB +.<\/p>\n<\/div><\/div><\/div><\/div><\/div><div class=\"fusion-fullwidth fullwidth-box fusion-builder-row-2 fusion-flex-container has-pattern-background has-mask-background nonhundred-percent-fullwidth non-hundred-percent-height-scrolling\" style=\"--awb-border-color:var(--awb-color1);--awb-border-radius-top-left:0px;--awb-border-radius-top-right:0px;--awb-border-radius-bottom-right:0px;--awb-border-radius-bottom-left:0px;--awb-padding-bottom:100px;--awb-padding-top-medium:100px;--awb-padding-bottom-medium:100px;--awb-padding-top-small:100px;--awb-padding-bottom-small:100px;--awb-flex-wrap:wrap;\" ><div class=\"fusion-builder-row fusion-row fusion-flex-align-items-stretch fusion-flex-content-wrap\" style=\"max-width:1365px;margin-left: calc(-5% \/ 2 );margin-right: calc(-5% \/ 2 );\"><div class=\"fusion-layout-column fusion_builder_column fusion-builder-column-4 fusion_builder_column_1_1 1_1 fusion-flex-column\" style=\"--awb-padding-top:50px;--awb-padding-right:50px;--awb-padding-bottom:50px;--awb-padding-left:50px;--awb-bg-color:var(--awb-color1);--awb-bg-color-hover:var(--awb-color1);--awb-bg-image:linear-gradient(180deg, rgba(255,255,255,0.4) 0%,rgba(255,255,255,0.4) 100%);;--awb-bg-size:cover;--awb-width-large:100%;--awb-margin-top-large:0px;--awb-spacing-right-large:30px;--awb-margin-bottom-large:20px;--awb-spacing-left-large:2.375%;--awb-width-medium:100%;--awb-order-medium:0;--awb-spacing-right-medium:30px;--awb-spacing-left-medium:2.375%;--awb-width-small:100%;--awb-order-small:0;--awb-spacing-right-small:2.375%;--awb-spacing-left-small:2.375%;\" data-scroll-devices=\"small-visibility,medium-visibility,large-visibility\"><div class=\"fusion-column-wrapper lazyload fusion-column-has-shadow fusion-flex-justify-content-flex-start fusion-content-layout-column fusion-column-has-bg-image\" data-bg-url=\"https:\/\/www.montesansalvatore.ch\/wp-content\/uploads\/2025\/01\/sfondo-ondulato-k35-scaled.jpg\" data-bg=\"https:\/\/www.montesansalvatore.ch\/wp-content\/uploads\/2025\/01\/sfondo-ondulato-k35-scaled.jpg\" data-bg-gradient=\"linear-gradient(180deg, rgba(255,255,255,0.4) 0%,rgba(255,255,255,0.4) 100%)\"><div class=\"fusion-title title fusion-title-1 fusion-sep-none fusion-title-text fusion-title-size-two\" style=\"--awb-text-color:var(--awb-color5);--awb-margin-top-small:10px;--awb-margin-right-small:0px;--awb-margin-bottom-small:10px;--awb-margin-left-small:0px;\"><h2 class=\"fusion-title-heading title-heading-left fusion-responsive-typography-calculated\" style=\"margin:0;--fontSize:64;line-height:var(--awb-typography1-line-height);\">N\u00fctzliche Informationen<\/h2><\/div><div class=\"fusion-separator fusion-full-width-sep\" style=\"align-self: center;margin-left: auto;margin-right: auto;margin-top:30px;width:100%;\"><\/div><div class=\"fusion-builder-row fusion-builder-row-inner fusion-row fusion-flex-align-items-stretch fusion-flex-content-wrap\" style=\"--awb-flex-grow:0;--awb-flex-grow-medium:0;--awb-flex-grow-small:0;--awb-flex-shrink:0;--awb-flex-shrink-medium:0;--awb-flex-shrink-small:0;width:105% !important;max-width:105% !important;margin-left: calc(-5% \/ 2 );margin-right: calc(-5% \/ 2 );\"><div class=\"fusion-layout-column fusion_builder_column_inner fusion-builder-nested-column-0 fusion_builder_column_inner_1_2 1_2 fusion-flex-column\" style=\"--awb-bg-size:cover;--awb-width-large:50%;--awb-margin-top-large:0px;--awb-spacing-right-large:4.75%;--awb-margin-bottom-large:20px;--awb-spacing-left-large:4.75%;--awb-width-medium:50%;--awb-order-medium:0;--awb-spacing-right-medium:4.75%;--awb-spacing-left-medium:4.75%;--awb-width-small:100%;--awb-order-small:0;--awb-spacing-right-small:2.375%;--awb-spacing-left-small:2.375%;\" data-scroll-devices=\"small-visibility,medium-visibility,large-visibility\"><div class=\"fusion-column-wrapper fusion-column-has-shadow fusion-flex-justify-content-flex-start fusion-content-layout-column\"><div class=\"fusion-text fusion-text-5\"><h3>Informationen und Kontakt<\/h3>\n<p>Funicolare Monte San Salvatore SA<br \/>\nVia delle scuole 7 \/ CP 442<br \/>\nCH-6902 Lugano-Paradiso<\/p>\n<p><a href=\"tel:0041919852828\"><strong>+41 91 985 28 28<\/strong><\/a><br \/>\n<a href=\"mailto:info@montesansalvatore.ch\"><strong>info@montesansalvatore.ch<\/strong><\/a><\/p>\n<\/div><\/div><\/div><div class=\"fusion-layout-column fusion_builder_column_inner fusion-builder-nested-column-1 fusion_builder_column_inner_1_2 1_2 fusion-flex-column\" style=\"--awb-bg-size:cover;--awb-width-large:50%;--awb-margin-top-large:0px;--awb-spacing-right-large:4.75%;--awb-margin-bottom-large:20px;--awb-spacing-left-large:4.75%;--awb-width-medium:50%;--awb-order-medium:0;--awb-spacing-right-medium:4.75%;--awb-spacing-left-medium:4.75%;--awb-width-small:100%;--awb-order-small:0;--awb-spacing-right-small:2.375%;--awb-spacing-left-small:2.375%;\" data-scroll-devices=\"small-visibility,medium-visibility,large-visibility\"><div class=\"fusion-column-wrapper fusion-column-has-shadow fusion-flex-justify-content-flex-start fusion-content-layout-column\"><div class=\"fusion-text fusion-text-6\"><h3>Links und downloads<\/h3>\n<p><a href=\"\/wp-content\/uploads\/2025\/02\/sfss_f4_895x128_swisscom_2017.pdf\" target=\"_blank\" rel=\"noopener\"><strong>Prospekt herunterladen (PDF)<\/strong><\/a><\/p>\n<\/div><\/div><\/div><\/div><\/div><\/div><\/div><\/div><\/p>\n","protected":false},"excerpt":{"rendered":"","protected":false},"author":1,"featured_media":5169,"parent":5574,"menu_order":0,"comment_status":"closed","ping_status":"closed","template":"100-width.php","meta":{"footnotes":""},"class_list":["post-5556","page","type-page","status-publish","has-post-thumbnail","hentry"],"publishpress_future_workflow_manual_trigger":{"enabledWorkflows":[]},"_links":{"self":[{"href":"https:\/\/www.montesansalvatore.ch\/de\/wp-json\/wp\/v2\/pages\/5556","targetHints":{"allow":["GET"]}}],"collection":[{"href":"https:\/\/www.montesansalvatore.ch\/de\/wp-json\/wp\/v2\/pages"}],"about":[{"href":"https:\/\/www.montesansalvatore.ch\/de\/wp-json\/wp\/v2\/types\/page"}],"author":[{"embeddable":true,"href":"https:\/\/www.montesansalvatore.ch\/de\/wp-json\/wp\/v2\/users\/1"}],"replies":[{"embeddable":true,"href":"https:\/\/www.montesansalvatore.ch\/de\/wp-json\/wp\/v2\/comments?post=5556"}],"version-history":[{"count":3,"href":"https:\/\/www.montesansalvatore.ch\/de\/wp-json\/wp\/v2\/pages\/5556\/revisions"}],"predecessor-version":[{"id":7577,"href":"https:\/\/www.montesansalvatore.ch\/de\/wp-json\/wp\/v2\/pages\/5556\/revisions\/7577"}],"up":[{"embeddable":true,"href":"https:\/\/www.montesansalvatore.ch\/de\/wp-json\/wp\/v2\/pages\/5574"}],"wp:featuredmedia":[{"embeddable":true,"href":"https:\/\/www.montesansalvatore.ch\/de\/wp-json\/wp\/v2\/media\/5169"}],"wp:attachment":[{"href":"https:\/\/www.montesansalvatore.ch\/de\/wp-json\/wp\/v2\/media?parent=5556"}],"curies":[{"name":"wp","href":"https:\/\/api.w.org\/{rel}","templated":true}]}}