{"id":5550,"date":"2025-02-06T14:18:16","date_gmt":"2025-02-06T13:18:16","guid":{"rendered":"https:\/\/sansa.diglab.ch\/museo\/"},"modified":"2025-03-26T14:11:16","modified_gmt":"2025-03-26T13:11:16","slug":"museum","status":"publish","type":"page","link":"https:\/\/www.montesansalvatore.ch\/de\/kultur\/museum\/","title":{"rendered":"Museum"},"content":{"rendered":"<p><div class=\"fusion-fullwidth fullwidth-box fusion-builder-row-1 fusion-flex-container has-pattern-background has-mask-background nonhundred-percent-fullwidth non-hundred-percent-height-scrolling\" style=\"--awb-border-color:var(--awb-color1);--awb-border-radius-top-left:0px;--awb-border-radius-top-right:0px;--awb-border-radius-bottom-right:0px;--awb-border-radius-bottom-left:0px;--awb-padding-top:100px;--awb-padding-bottom:50px;--awb-padding-top-medium:100px;--awb-padding-bottom-medium:100px;--awb-padding-top-small:100px;--awb-padding-bottom-small:100px;--awb-margin-bottom:100px;--awb-flex-wrap:wrap;\" ><div class=\"fusion-builder-row fusion-row fusion-flex-align-items-flex-start fusion-flex-content-wrap\" style=\"max-width:1365px;margin-left: calc(-5% \/ 2 );margin-right: calc(-5% \/ 2 );\"><div class=\"fusion-layout-column fusion_builder_column fusion-builder-column-0 fusion_builder_column_1_1 1_1 fusion-flex-column\" style=\"--awb-bg-color:rgba(239,239,239,0);--awb-bg-color-hover:rgba(239,239,239,0);--awb-bg-size:cover;--awb-width-large:100%;--awb-margin-top-large:0px;--awb-spacing-right-large:2.375%;--awb-margin-bottom-large:20px;--awb-spacing-left-large:2.375%;--awb-width-medium:100%;--awb-order-medium:0;--awb-spacing-right-medium:2.375%;--awb-spacing-left-medium:2.375%;--awb-width-small:100%;--awb-order-small:0;--awb-spacing-right-small:2.375%;--awb-spacing-left-small:2.375%;\" data-scroll-devices=\"small-visibility,medium-visibility,large-visibility\"><div class=\"fusion-column-wrapper fusion-column-has-shadow fusion-flex-justify-content-flex-start fusion-content-layout-column\"><div class=\"fusion-text fusion-text-1\" style=\"--awb-text-color:var(--awb-color5);\"><h1>Museum<\/h1>\n<\/div><div class=\"fusion-separator fusion-full-width-sep\" style=\"align-self: center;margin-left: auto;margin-right: auto;margin-top:30px;width:100%;\"><\/div>\n<\/div><\/div><div class=\"fusion-layout-column fusion_builder_column fusion-builder-column-1 fusion_builder_column_1_2 1_2 fusion-flex-column\" style=\"--awb-bg-color:rgba(239,239,239,0);--awb-bg-color-hover:rgba(239,239,239,0);--awb-bg-size:cover;--awb-width-large:50%;--awb-margin-top-large:0px;--awb-spacing-right-large:50px;--awb-margin-bottom-large:20px;--awb-spacing-left-large:4.75%;--awb-width-medium:50%;--awb-order-medium:0;--awb-spacing-right-medium:50px;--awb-spacing-left-medium:4.75%;--awb-width-small:100%;--awb-order-small:0;--awb-spacing-right-small:2.375%;--awb-spacing-left-small:2.375%;\" data-scroll-devices=\"small-visibility,medium-visibility,large-visibility\"><div class=\"fusion-column-wrapper fusion-column-has-shadow fusion-flex-justify-content-flex-start fusion-content-layout-column\"><div class=\"fusion-text fusion-text-2\"><p>Das 1999 auf dem Gipfel des San Salvatore er\u00f6ffnete Museum gleichen Namens wurde von der Societ\u00e0 Funicolare Monte San Salvatore in Zusammenarbeit mit der Erzbruderschaft vom guten Tod und Gebet unter der Bezeichnung Santa Marta eingerichtet.<\/p>\n<p>Die heute f\u00fcr die Ausstellung genutzten R\u00e4umlichkeiten waren einst das Hospiz, das seit seiner Erbauung Ende des 17. Jahrhunderts Armen und Pilgern auf ihrer Wanderung zur Kirche San Salvatore als Unterkunft gedient hatte, oder auch als Ort der spirituellen Einkehr f\u00fcr Mitglieder der Bruderschaft oder f\u00fcr Eremiten, die darum baten.<\/p>\n<p>Im Laufe des vergangenen Jahrzehnts wurde das Museum um neue, interessante Ausstellungsbereiche erweitert, immer in enger Bindung an die Geschichte des Bergs und seiner Nutzung.<\/p>\n<p>Das Museum informiert auf zwei Etagen \u00fcber folgende Themen.<\/p>\n<\/div><\/div><\/div><div class=\"fusion-layout-column fusion_builder_column fusion-builder-column-2 fusion_builder_column_1_2 1_2 fusion-flex-column\" style=\"--awb-bg-color:rgba(239,239,239,0);--awb-bg-color-hover:rgba(239,239,239,0);--awb-bg-size:cover;--awb-width-large:50%;--awb-margin-top-large:0px;--awb-spacing-right-large:50px;--awb-margin-bottom-large:20px;--awb-spacing-left-large:4.75%;--awb-width-medium:50%;--awb-order-medium:0;--awb-spacing-right-medium:50px;--awb-spacing-left-medium:4.75%;--awb-width-small:100%;--awb-order-small:0;--awb-spacing-right-small:2.375%;--awb-spacing-left-small:2.375%;\" data-scroll-devices=\"small-visibility,medium-visibility,large-visibility\"><div class=\"fusion-column-wrapper fusion-column-has-shadow fusion-flex-justify-content-flex-start fusion-content-layout-column\"><div class=\"awb-gallery-wrapper awb-gallery-wrapper-1 button-span-no\" style=\"--more-btn-alignment:center;\"><div style=\"margin:-5px;--awb-aspect-ratio:1 \/ 1;--awb-bordersize:0px;--awb-border-radius:20px;--awb-columns-medium:33.3333%;--awb-columns-small:33.3333%;\" class=\"fusion-gallery fusion-gallery-container fusion-grid-3 fusion-columns-total-6 fusion-gallery-layout-grid fusion-gallery-1 has-aspect-ratio\"><div style=\"padding:5px;\" class=\"fusion-grid-column fusion-gallery-column fusion-gallery-column-3\"><div class=\"fusion-gallery-image fusion-gallery-image-liftup\"><a href=\"https:\/\/www.montesansalvatore.ch\/wp-content\/uploads\/2025\/02\/IMG_3447.jpg\" rel=\"noreferrer\" data-rel=\"iLightbox[gallery_image_1]\" class=\"fusion-lightbox\" target=\"_self\"><img decoding=\"async\" src=\"https:\/\/www.montesansalvatore.ch\/wp-content\/uploads\/2025\/02\/IMG_3447-460x295.jpg\" width=\"460\" height=\"295\" alt=\"\" title=\"IMG_3447\" aria-label=\"IMG_3447\" class=\"img-responsive wp-image-3930 fusion-gallery-image-size-fixed\"  \/><\/a><\/div><\/div><div style=\"padding:5px;\" class=\"fusion-grid-column fusion-gallery-column fusion-gallery-column-3\"><div class=\"fusion-gallery-image fusion-gallery-image-liftup\"><a href=\"https:\/\/www.montesansalvatore.ch\/wp-content\/uploads\/2025\/02\/DSC_0165.jpg\" rel=\"noreferrer\" data-rel=\"iLightbox[gallery_image_1]\" class=\"fusion-lightbox\" target=\"_self\"><img decoding=\"async\" src=\"https:\/\/www.montesansalvatore.ch\/wp-content\/uploads\/2025\/02\/DSC_0165-460x295.jpg\" width=\"460\" height=\"295\" alt=\"\" title=\"DSC_0165\" aria-label=\"DSC_0165\" class=\"img-responsive wp-image-3924 fusion-gallery-image-size-fixed\"  \/><\/a><\/div><\/div><div style=\"padding:5px;\" class=\"fusion-grid-column fusion-gallery-column fusion-gallery-column-3\"><div class=\"fusion-gallery-image fusion-gallery-image-liftup\"><a href=\"https:\/\/www.montesansalvatore.ch\/wp-content\/uploads\/2025\/02\/GIO_0005.jpg\" rel=\"noreferrer\" data-rel=\"iLightbox[gallery_image_1]\" class=\"fusion-lightbox\" target=\"_self\"><img decoding=\"async\" src=\"https:\/\/www.montesansalvatore.ch\/wp-content\/uploads\/2025\/02\/GIO_0005-460x295.jpg\" width=\"460\" height=\"295\" alt=\"\" title=\"GIO_0005\" aria-label=\"GIO_0005\" class=\"img-responsive wp-image-3925 fusion-gallery-image-size-fixed\"  \/><\/a><\/div><\/div><div class=\"clearfix\"><\/div><div style=\"padding:5px;\" class=\"fusion-grid-column fusion-gallery-column fusion-gallery-column-3\"><div class=\"fusion-gallery-image fusion-gallery-image-liftup\"><a href=\"https:\/\/www.montesansalvatore.ch\/wp-content\/uploads\/2025\/02\/Museo-Fulmini.jpg\" rel=\"noreferrer\" data-rel=\"iLightbox[gallery_image_1]\" class=\"fusion-lightbox\" target=\"_self\"><img decoding=\"async\" src=\"https:\/\/www.montesansalvatore.ch\/wp-content\/uploads\/2025\/02\/Museo-Fulmini-460x295.jpg\" width=\"460\" height=\"295\" alt=\"\" title=\"Museo Fulmini\" aria-label=\"Museo Fulmini\" class=\"img-responsive wp-image-3934 fusion-gallery-image-size-fixed\"  \/><\/a><\/div><\/div><div style=\"padding:5px;\" class=\"fusion-grid-column fusion-gallery-column fusion-gallery-column-3\"><div class=\"fusion-gallery-image fusion-gallery-image-liftup\"><a href=\"https:\/\/www.montesansalvatore.ch\/wp-content\/uploads\/2025\/02\/GIO_0093.jpg\" rel=\"noreferrer\" data-rel=\"iLightbox[gallery_image_1]\" class=\"fusion-lightbox\" target=\"_self\"><img decoding=\"async\" src=\"https:\/\/www.montesansalvatore.ch\/wp-content\/uploads\/2025\/02\/GIO_0093-460x295.jpg\" width=\"460\" height=\"295\" alt=\"\" title=\"GIO_0093\" aria-label=\"GIO_0093\" class=\"img-responsive wp-image-3929 fusion-gallery-image-size-fixed\"  \/><\/a><\/div><\/div><div style=\"padding:5px;\" class=\"fusion-grid-column fusion-gallery-column fusion-gallery-column-3\"><div class=\"fusion-gallery-image fusion-gallery-image-liftup\"><a href=\"https:\/\/www.montesansalvatore.ch\/wp-content\/uploads\/2025\/02\/PKF_17_077_2222.jpg\" rel=\"noreferrer\" data-rel=\"iLightbox[gallery_image_1]\" class=\"fusion-lightbox\" target=\"_self\"><img decoding=\"async\" src=\"https:\/\/www.montesansalvatore.ch\/wp-content\/uploads\/2025\/02\/PKF_17_077_2222-460x295.jpg\" width=\"460\" height=\"295\" alt=\"\" title=\"PKF_17_077_2222\" aria-label=\"PKF_17_077_2222\" class=\"img-responsive wp-image-3936 fusion-gallery-image-size-fixed\"  \/><\/a><\/div><\/div><div class=\"clearfix\"><\/div><\/div><\/div><\/div><\/div><div class=\"fusion-layout-column fusion_builder_column fusion-builder-column-3 fusion_builder_column_1_2 1_2 fusion-flex-column\" style=\"--awb-bg-color:rgba(239,239,239,0);--awb-bg-color-hover:rgba(239,239,239,0);--awb-bg-size:cover;--awb-width-large:50%;--awb-margin-top-large:0px;--awb-spacing-right-large:50px;--awb-margin-bottom-large:20px;--awb-spacing-left-large:4.75%;--awb-width-medium:50%;--awb-order-medium:0;--awb-spacing-right-medium:50px;--awb-spacing-left-medium:4.75%;--awb-width-small:100%;--awb-order-small:0;--awb-spacing-right-small:2.375%;--awb-spacing-left-small:2.375%;\" data-scroll-devices=\"small-visibility,medium-visibility,large-visibility\"><div class=\"fusion-column-wrapper fusion-column-has-shadow fusion-flex-justify-content-flex-start fusion-content-layout-column\"><div class=\"fusion-text fusion-text-3\"><h3>Erzbruderschaft \/ Religi\u00f6se Objekte<\/h3>\n<p>In den S\u00e4len 1-2-3 im Erdgeschoss befindet sich eine Sammlung wertvoller, seltener religi\u00f6ser Objekte, Kunstwerke und Zeugen der Geschichte und der soziokulturellen Bedeutung der Aktivit\u00e4ten der Erzbruderschaft \u00fcber die Jahrhunderte hinweg.<\/p>\n<h3>Geologie<\/h3>\n<p>Auf der ersten Etage befindet sich in Raum 4 eine st\u00e4ndige Ausstellung geologischer Materialien f\u00fcr Lehrzwecke, die anhand von Gestein, Mineralien und Fossilien \u00fcber die Entwicklung des Gebiets und insbesondere der Region um den San Salvatore informiert. Hier kann man die Geheimnisse der Natur, kleine Sch\u00e4tze, entstanden im Laufe von Jahrmillionen und im Erdreich verborgen.<\/p>\n<h3>H\u00f6hlenforschung<\/h3>\n<p>Ein weiterer Anziehungspunkt im Museum ist der Ausstellungsbereich zur H\u00f6hlenforschung. Raum 5 widmet sich den Grotten und H\u00f6hlen, die im Tessin mit \u00fcber 190 Schaupl\u00e4tzen ein wichtiges Naturerbe darstellen. Die Ausstellung gibt Einblick in die Wunder, die hier im Kanton und am San Salvatore im Erdinneren verbogen liegen.<\/p>\n<p>Auf den Spuren der H\u00f6hlenforscher kann man sich auf eine Reise in die magische und eindrucksvolle Welt der Grotten begeben, die Zeugen der naturgeschichtlichen Entwicklung der Region sind.<\/p>\n<h3>Blitze<\/h3>\n<p>Der letzte Ausstellungsbereich, Raum 6, ist der historischen Bedeutung von Gewittern und der Erforschung von Blitzen gewidmet. Ein weltweites Ph\u00e4nomen, das die Menschen sei jeher mit seiner Faszination und seinen Geheimnissen in den Bann zieht. \u201eDem Blitz auf der Spur\u201c lautet der Titel der neuen Ausstellung.<\/p>\n<p>Anhand der Geschichte der von 1943 bis 1982 betriebenen, weltweit bekannten und mit hochmodernen Messger\u00e4ten ausgestatteten Blitzforschungsstation unter der Leitung von Prof. Berger von der Eidgen\u00f6ssischen Technischen Hochschule Z\u00fcrich wird eine ganz besondere Einrichtung vorgestellt, die beinahe 40 Jahre lang die Geschichte des Bergs gepr\u00e4gt hat.<\/p>\n<\/div><\/div><\/div><div class=\"fusion-layout-column fusion_builder_column fusion-builder-column-4 fusion_builder_column_1_2 1_2 fusion-flex-column\" style=\"--awb-bg-color:rgba(239,239,239,0);--awb-bg-color-hover:rgba(239,239,239,0);--awb-bg-size:cover;--awb-width-large:50%;--awb-margin-top-large:0px;--awb-spacing-right-large:50px;--awb-margin-bottom-large:20px;--awb-spacing-left-large:4.75%;--awb-width-medium:50%;--awb-order-medium:0;--awb-spacing-right-medium:50px;--awb-spacing-left-medium:4.75%;--awb-width-small:100%;--awb-order-small:0;--awb-spacing-right-small:2.375%;--awb-spacing-left-small:2.375%;\" data-scroll-devices=\"small-visibility,medium-visibility,large-visibility\"><div class=\"fusion-column-wrapper fusion-column-has-shadow fusion-flex-justify-content-flex-start fusion-content-layout-column\"><div class=\"fusion-text fusion-text-4\"><h3>\u00d6ffnungszeit Museum<\/h3>\n<p>10.00 \u2013 12.00<br \/>\n13.00 \u2013 15.00<\/p>\n<p>(das Museum ist nur w\u00e4hrend des Standseilbahnbetriebs ge\u00f6ffnet)<\/p>\n<\/div><div ><a class=\"fusion-button button-flat fusion-button-default-size button-default fusion-button-default button-1 fusion-button-default-span fusion-button-default-type\" target=\"_self\" href=\"\/de\/fahrplan-und-preise\/\"><span class=\"fusion-button-text awb-button__text awb-button__text--default\">Fahrplan der Standseilbahn<\/span><\/a><\/div><div class=\"fusion-text fusion-text-5\"><h3>Informationen<\/h3>\n<p>Im Preis f\u00fcr die Fahrkarte der Drahtseilbahn ist der Eintritt in das Museum inbegriffen.<\/p>\n<\/div><div class=\"fusion-text fusion-text-6\"><h3>Gef\u00fchrter Besuch f\u00fcr Gruppen<\/h3>\n<p>Auf Anfrage gef\u00fchrter Museums- &amp; San Salvatore-Besuch f\u00fcr CHF 180.00.<\/p>\n<\/div><\/div><\/div><\/div><\/div><div class=\"fusion-fullwidth fullwidth-box fusion-builder-row-2 fusion-flex-container has-pattern-background has-mask-background nonhundred-percent-fullwidth non-hundred-percent-height-scrolling\" style=\"--awb-border-color:var(--awb-color1);--awb-border-radius-top-left:0px;--awb-border-radius-top-right:0px;--awb-border-radius-bottom-right:0px;--awb-border-radius-bottom-left:0px;--awb-padding-bottom:100px;--awb-padding-top-medium:100px;--awb-padding-bottom-medium:100px;--awb-padding-top-small:100px;--awb-padding-bottom-small:100px;--awb-flex-wrap:wrap;\" ><div class=\"fusion-builder-row fusion-row fusion-flex-align-items-stretch fusion-flex-content-wrap\" style=\"max-width:1365px;margin-left: calc(-5% \/ 2 );margin-right: calc(-5% \/ 2 );\"><div class=\"fusion-layout-column fusion_builder_column fusion-builder-column-5 fusion_builder_column_1_1 1_1 fusion-flex-column\" style=\"--awb-padding-top:50px;--awb-padding-right:50px;--awb-padding-bottom:50px;--awb-padding-left:50px;--awb-bg-color:var(--awb-color1);--awb-bg-color-hover:var(--awb-color1);--awb-bg-image:linear-gradient(180deg, rgba(255,255,255,0.4) 0%,rgba(255,255,255,0.4) 100%);;--awb-bg-size:cover;--awb-width-large:100%;--awb-margin-top-large:0px;--awb-spacing-right-large:30px;--awb-margin-bottom-large:20px;--awb-spacing-left-large:2.375%;--awb-width-medium:100%;--awb-order-medium:0;--awb-spacing-right-medium:30px;--awb-spacing-left-medium:2.375%;--awb-width-small:100%;--awb-order-small:0;--awb-spacing-right-small:2.375%;--awb-spacing-left-small:2.375%;\" data-scroll-devices=\"small-visibility,medium-visibility,large-visibility\"><div class=\"fusion-column-wrapper lazyload fusion-column-has-shadow fusion-flex-justify-content-flex-start fusion-content-layout-column fusion-column-has-bg-image\" data-bg-url=\"https:\/\/www.montesansalvatore.ch\/wp-content\/uploads\/2025\/01\/sfondo-ondulato-k35-scaled.jpg\" data-bg=\"https:\/\/www.montesansalvatore.ch\/wp-content\/uploads\/2025\/01\/sfondo-ondulato-k35-scaled.jpg\" data-bg-gradient=\"linear-gradient(180deg, rgba(255,255,255,0.4) 0%,rgba(255,255,255,0.4) 100%)\"><div class=\"fusion-title title fusion-title-1 fusion-sep-none fusion-title-text fusion-title-size-two\" style=\"--awb-text-color:var(--awb-color5);--awb-margin-top-small:10px;--awb-margin-right-small:0px;--awb-margin-bottom-small:10px;--awb-margin-left-small:0px;\"><h2 class=\"fusion-title-heading title-heading-left fusion-responsive-typography-calculated\" style=\"margin:0;--fontSize:64;line-height:var(--awb-typography1-line-height);\">N\u00fctzliche Informationen<\/h2><\/div><div class=\"fusion-separator fusion-full-width-sep\" style=\"align-self: center;margin-left: auto;margin-right: auto;margin-top:30px;width:100%;\"><\/div><div class=\"fusion-builder-row fusion-builder-row-inner fusion-row fusion-flex-align-items-stretch fusion-flex-content-wrap\" style=\"--awb-flex-grow:0;--awb-flex-grow-medium:0;--awb-flex-grow-small:0;--awb-flex-shrink:0;--awb-flex-shrink-medium:0;--awb-flex-shrink-small:0;width:105% !important;max-width:105% !important;margin-left: calc(-5% \/ 2 );margin-right: calc(-5% \/ 2 );\"><div class=\"fusion-layout-column fusion_builder_column_inner fusion-builder-nested-column-0 fusion_builder_column_inner_1_2 1_2 fusion-flex-column\" style=\"--awb-bg-size:cover;--awb-width-large:50%;--awb-margin-top-large:0px;--awb-spacing-right-large:4.75%;--awb-margin-bottom-large:20px;--awb-spacing-left-large:4.75%;--awb-width-medium:50%;--awb-order-medium:0;--awb-spacing-right-medium:4.75%;--awb-spacing-left-medium:4.75%;--awb-width-small:100%;--awb-order-small:0;--awb-spacing-right-small:2.375%;--awb-spacing-left-small:2.375%;\" data-scroll-devices=\"small-visibility,medium-visibility,large-visibility\"><div class=\"fusion-column-wrapper fusion-column-has-shadow fusion-flex-justify-content-flex-start fusion-content-layout-column\"><div class=\"fusion-text fusion-text-7\"><h3>F\u00fcr Informationen und Fragen<\/h3>\n<p>Funicolare Monte San Salvatore SA<br \/>\nVia delle scuole 7 \/ CP 442<br \/>\nCH-6902 Lugano-Paradiso<\/p>\n<p><a href=\"tel:0041919852828\"><strong>+41 91 985 28 28<\/strong><\/a><br \/>\n<a href=\"mailto:info@montesansalvatore.ch\"><strong>info@montesansalvatore.ch<\/strong><\/a><\/p>\n<\/div><\/div><\/div><div class=\"fusion-layout-column fusion_builder_column_inner fusion-builder-nested-column-1 fusion_builder_column_inner_1_2 1_2 fusion-flex-column\" style=\"--awb-bg-size:cover;--awb-width-large:50%;--awb-margin-top-large:0px;--awb-spacing-right-large:4.75%;--awb-margin-bottom-large:20px;--awb-spacing-left-large:4.75%;--awb-width-medium:50%;--awb-order-medium:0;--awb-spacing-right-medium:4.75%;--awb-spacing-left-medium:4.75%;--awb-width-small:100%;--awb-order-small:0;--awb-spacing-right-small:2.375%;--awb-spacing-left-small:2.375%;\" data-scroll-devices=\"small-visibility,medium-visibility,large-visibility\"><div class=\"fusion-column-wrapper fusion-column-has-shadow fusion-flex-justify-content-flex-start fusion-content-layout-column\"><div class=\"fusion-text fusion-text-8\"><h3>Links und downloads<\/h3>\n<p><a href=\"\/wp-content\/uploads\/2025\/03\/museo-fulmini_pro_d_2017.pdf\" target=\"_blank\" rel=\"noopener\"><strong>Prospekt Blitze Herunterladen (PDF)<\/strong><\/a><br \/>\n<a href=\"\/wp-content\/uploads\/2025\/03\/museo_geo__de_2017.pdf\" target=\"_blank\" rel=\"noopener\"><strong>Prospekt Geologie Herunterladen (PDF)<\/strong><\/a><\/p>\n<\/div><\/div><\/div><\/div><\/div><\/div><\/div><\/div><\/p>\n","protected":false},"excerpt":{"rendered":"","protected":false},"author":1,"featured_media":4608,"parent":5553,"menu_order":0,"comment_status":"closed","ping_status":"closed","template":"100-width.php","meta":{"footnotes":""},"class_list":["post-5550","page","type-page","status-publish","has-post-thumbnail","hentry"],"publishpress_future_workflow_manual_trigger":{"enabledWorkflows":[]},"_links":{"self":[{"href":"https:\/\/www.montesansalvatore.ch\/de\/wp-json\/wp\/v2\/pages\/5550","targetHints":{"allow":["GET"]}}],"collection":[{"href":"https:\/\/www.montesansalvatore.ch\/de\/wp-json\/wp\/v2\/pages"}],"about":[{"href":"https:\/\/www.montesansalvatore.ch\/de\/wp-json\/wp\/v2\/types\/page"}],"author":[{"embeddable":true,"href":"https:\/\/www.montesansalvatore.ch\/de\/wp-json\/wp\/v2\/users\/1"}],"replies":[{"embeddable":true,"href":"https:\/\/www.montesansalvatore.ch\/de\/wp-json\/wp\/v2\/comments?post=5550"}],"version-history":[{"count":8,"href":"https:\/\/www.montesansalvatore.ch\/de\/wp-json\/wp\/v2\/pages\/5550\/revisions"}],"predecessor-version":[{"id":6122,"href":"https:\/\/www.montesansalvatore.ch\/de\/wp-json\/wp\/v2\/pages\/5550\/revisions\/6122"}],"up":[{"embeddable":true,"href":"https:\/\/www.montesansalvatore.ch\/de\/wp-json\/wp\/v2\/pages\/5553"}],"wp:featuredmedia":[{"embeddable":true,"href":"https:\/\/www.montesansalvatore.ch\/de\/wp-json\/wp\/v2\/media\/4608"}],"wp:attachment":[{"href":"https:\/\/www.montesansalvatore.ch\/de\/wp-json\/wp\/v2\/media?parent=5550"}],"curies":[{"name":"wp","href":"https:\/\/api.w.org\/{rel}","templated":true}]}}