{"id":5547,"date":"2025-02-06T14:54:32","date_gmt":"2025-02-06T13:54:32","guid":{"rendered":"https:\/\/sansa.diglab.ch\/origine-del-monte-san-salvatore\/"},"modified":"2025-03-26T11:54:23","modified_gmt":"2025-03-26T10:54:23","slug":"die-urspruenge-des-monte-san-salvatore","status":"publish","type":"page","link":"https:\/\/www.montesansalvatore.ch\/de\/kultur\/die-urspruenge-des-monte-san-salvatore\/","title":{"rendered":"Die Urspr\u00fcnge des Monte San Salvatore"},"content":{"rendered":"<p><div class=\"fusion-fullwidth fullwidth-box fusion-builder-row-1 fusion-flex-container has-pattern-background has-mask-background nonhundred-percent-fullwidth non-hundred-percent-height-scrolling\" style=\"--awb-border-color:var(--awb-color1);--awb-border-radius-top-left:0px;--awb-border-radius-top-right:0px;--awb-border-radius-bottom-right:0px;--awb-border-radius-bottom-left:0px;--awb-padding-top:100px;--awb-padding-bottom:50px;--awb-padding-top-medium:100px;--awb-padding-bottom-medium:100px;--awb-padding-top-small:100px;--awb-padding-bottom-small:100px;--awb-margin-bottom:100px;--awb-flex-wrap:wrap;\" ><div class=\"fusion-builder-row fusion-row fusion-flex-align-items-flex-start fusion-flex-content-wrap\" style=\"max-width:1365px;margin-left: calc(-5% \/ 2 );margin-right: calc(-5% \/ 2 );\"><div class=\"fusion-layout-column fusion_builder_column fusion-builder-column-0 fusion_builder_column_1_1 1_1 fusion-flex-column\" style=\"--awb-bg-color:rgba(239,239,239,0);--awb-bg-color-hover:rgba(239,239,239,0);--awb-bg-size:cover;--awb-width-large:100%;--awb-margin-top-large:0px;--awb-spacing-right-large:2.375%;--awb-margin-bottom-large:20px;--awb-spacing-left-large:2.375%;--awb-width-medium:100%;--awb-order-medium:0;--awb-spacing-right-medium:2.375%;--awb-spacing-left-medium:2.375%;--awb-width-small:100%;--awb-order-small:0;--awb-spacing-right-small:2.375%;--awb-spacing-left-small:2.375%;\" data-scroll-devices=\"small-visibility,medium-visibility,large-visibility\"><div class=\"fusion-column-wrapper fusion-column-has-shadow fusion-flex-justify-content-flex-start fusion-content-layout-column\"><div class=\"fusion-text fusion-text-1\" style=\"--awb-text-color:var(--awb-color5);\"><h1>Die Urspr\u00fcnge des Monte San Salvatore<\/h1>\n<\/div><div class=\"fusion-separator fusion-full-width-sep\" style=\"align-self: center;margin-left: auto;margin-right: auto;margin-top:30px;width:100%;\"><\/div>\n<\/div><\/div><div class=\"fusion-layout-column fusion_builder_column fusion-builder-column-1 fusion_builder_column_1_1 1_1 fusion-flex-column\" style=\"--awb-bg-color:rgba(239,239,239,0);--awb-bg-color-hover:rgba(239,239,239,0);--awb-bg-size:cover;--awb-width-large:100%;--awb-margin-top-large:0px;--awb-spacing-right-large:50px;--awb-margin-bottom-large:20px;--awb-spacing-left-large:2.375%;--awb-width-medium:100%;--awb-order-medium:0;--awb-spacing-right-medium:50px;--awb-spacing-left-medium:2.375%;--awb-width-small:100%;--awb-order-small:0;--awb-spacing-right-small:2.375%;--awb-spacing-left-small:2.375%;\" data-scroll-devices=\"small-visibility,medium-visibility,large-visibility\"><div class=\"fusion-column-wrapper fusion-column-has-shadow fusion-flex-justify-content-flex-start fusion-content-layout-column\"><div class=\"fusion-text fusion-text-2 awb-text-cols fusion-text-columns-2\" style=\"--awb-columns:2;--awb-column-spacing:3em;--awb-column-min-width:300px;--awb-rule-style:1px solid var(--awb-color4);\"><p>Der Monte San Salvatore ist ein ganz besonderer Berg, ja legend\u00e4r k\u00f6nnte man sagen.<br \/>\nEr entstand aus einem pr\u00e4historischen Meer in einer Umgebung, die dem heutigen Archipel der Bahamas sehr \u00e4hnlich war. Seine Vergangenheit verliert sich im Dunkel der Geschichte.<\/p>\n<p>Zu Beginn des Erdzeitalters des Trias vor 245 Millionen Jahren begann sich das Wasser eines vorgeschichtlichen Ozeans auszubreiten und in die K\u00fcstengebiete des alten und damals einzigen Kontinents vorzudringen: Pang\u00e4a. In diesem \u00dcberschwemmungsgebiet herrschte ein heisses, tropisches Klima mit einem flachen Meer, wo das Sonnenlicht den Meeresboden erreichte. Das Klima war also sehr g\u00fcnstig f\u00fcr Meeresorganismen, wie z.B. Korallen, die zur Bildung von Korallenriffen beitragen. Die Schalen und Skelette der Algen, Schw\u00e4mme, Seeigel und Mollusken, die auf diesen Riffen lebten, sanken nach dem Absterben auf den Boden. Die enormen Ablagerungen erreichten eine Dicke von mehreren Hundert Metern. Dies scheint paradox, wenn man bedenkt, dass das Meer nur wenige Meter tief war. Die Entstehung solch m\u00e4chtiger Ablagerungen war aufgrund des enormen Gewichts der Sedimente m\u00f6glich, das sich kontinuierlich erh\u00f6hte und ein Absinken der Erdkruste bewirkte, so dass der Meeresboden stets auf gleicher H\u00f6he blieb. Auf diese Weise konnte das Sonnenlicht den Meeresboden erreichen, ihn mit Licht versorgen und den Organismen das \u00dcberleben sichern.<\/p>\n<p>Der kolossale Druck der Sedimentschichten, die sich \u00fcbereinander ablagerten, f\u00fchrte zur Bildung des Dolomitgesteins des San Salvatore.<\/p>\n<p>In der Folge verschob sich die afrikanische Kontinentalplatte Richtung Norden, und vor rund 40 Millionen Jahren trafen die R\u00e4nder der beiden Kontinentalplatten mit grosser Heftigkeit aufeinander und bewirkten eine Anhebung des Gesteins am Meeresboden und die Bildung der Alpenkette. W\u00e4hrend dieser Gebirgsbildung erhob sich der Monte San Salvatore aus jenem Meer. Die Beweise f\u00fcr seinen maritimen Ursprung k\u00f6nnen im Museum, im Raum der Gesteine, Mineralien und Fossilien, besichtigt werden.<\/p>\n<\/div><\/div><\/div><\/div><\/div><div class=\"fusion-fullwidth fullwidth-box fusion-builder-row-2 fusion-flex-container has-pattern-background has-mask-background nonhundred-percent-fullwidth non-hundred-percent-height-scrolling\" style=\"--awb-border-color:var(--awb-color1);--awb-border-radius-top-left:0px;--awb-border-radius-top-right:0px;--awb-border-radius-bottom-right:0px;--awb-border-radius-bottom-left:0px;--awb-padding-bottom:100px;--awb-padding-top-medium:100px;--awb-padding-bottom-medium:100px;--awb-padding-top-small:100px;--awb-padding-bottom-small:100px;--awb-flex-wrap:wrap;\" ><div class=\"fusion-builder-row fusion-row fusion-flex-align-items-stretch fusion-flex-content-wrap\" style=\"max-width:1365px;margin-left: calc(-5% \/ 2 );margin-right: calc(-5% \/ 2 );\"><div class=\"fusion-layout-column fusion_builder_column fusion-builder-column-2 fusion_builder_column_1_1 1_1 fusion-flex-column\" style=\"--awb-padding-top:50px;--awb-padding-right:50px;--awb-padding-bottom:50px;--awb-padding-left:50px;--awb-bg-color:var(--awb-color1);--awb-bg-color-hover:var(--awb-color1);--awb-bg-image:linear-gradient(180deg, rgba(255,255,255,0.4) 0%,rgba(255,255,255,0.4) 100%);;--awb-bg-size:cover;--awb-width-large:100%;--awb-margin-top-large:0px;--awb-spacing-right-large:30px;--awb-margin-bottom-large:20px;--awb-spacing-left-large:2.375%;--awb-width-medium:100%;--awb-order-medium:0;--awb-spacing-right-medium:30px;--awb-spacing-left-medium:2.375%;--awb-width-small:100%;--awb-order-small:0;--awb-spacing-right-small:2.375%;--awb-spacing-left-small:2.375%;\" data-scroll-devices=\"small-visibility,medium-visibility,large-visibility\"><div class=\"fusion-column-wrapper lazyload fusion-column-has-shadow fusion-flex-justify-content-flex-start fusion-content-layout-column fusion-column-has-bg-image\" data-bg-url=\"https:\/\/www.montesansalvatore.ch\/wp-content\/uploads\/2025\/01\/sfondo-ondulato-k35-scaled.jpg\" data-bg=\"https:\/\/www.montesansalvatore.ch\/wp-content\/uploads\/2025\/01\/sfondo-ondulato-k35-scaled.jpg\" data-bg-gradient=\"linear-gradient(180deg, rgba(255,255,255,0.4) 0%,rgba(255,255,255,0.4) 100%)\"><div class=\"fusion-title title fusion-title-1 fusion-sep-none fusion-title-text fusion-title-size-two\" style=\"--awb-text-color:var(--awb-color5);--awb-margin-top-small:10px;--awb-margin-right-small:0px;--awb-margin-bottom-small:10px;--awb-margin-left-small:0px;\"><h2 class=\"fusion-title-heading title-heading-left fusion-responsive-typography-calculated\" style=\"margin:0;--fontSize:64;line-height:var(--awb-typography1-line-height);\">N\u00fctzliche Informationen<\/h2><\/div><div class=\"fusion-separator fusion-full-width-sep\" style=\"align-self: center;margin-left: auto;margin-right: auto;margin-top:30px;width:100%;\"><\/div><div class=\"fusion-builder-row fusion-builder-row-inner fusion-row fusion-flex-align-items-stretch fusion-flex-content-wrap\" style=\"--awb-flex-grow:0;--awb-flex-grow-medium:0;--awb-flex-grow-small:0;--awb-flex-shrink:0;--awb-flex-shrink-medium:0;--awb-flex-shrink-small:0;width:105% !important;max-width:105% !important;margin-left: calc(-5% \/ 2 );margin-right: calc(-5% \/ 2 );\"><div class=\"fusion-layout-column fusion_builder_column_inner fusion-builder-nested-column-0 fusion_builder_column_inner_1_2 1_2 fusion-flex-column\" style=\"--awb-bg-size:cover;--awb-width-large:50%;--awb-margin-top-large:0px;--awb-spacing-right-large:4.75%;--awb-margin-bottom-large:20px;--awb-spacing-left-large:4.75%;--awb-width-medium:50%;--awb-order-medium:0;--awb-spacing-right-medium:4.75%;--awb-spacing-left-medium:4.75%;--awb-width-small:100%;--awb-order-small:0;--awb-spacing-right-small:2.375%;--awb-spacing-left-small:2.375%;\" data-scroll-devices=\"small-visibility,medium-visibility,large-visibility\"><div class=\"fusion-column-wrapper fusion-column-has-shadow fusion-flex-justify-content-flex-start fusion-content-layout-column\"><div class=\"fusion-text fusion-text-3\"><h3>F\u00fcr Informationen und Fragen<\/h3>\n<p>Funicolare Monte San Salvatore SA<br \/>\nVia delle scuole 7 \/ CP 442<br \/>\nCH-6902 Lugano-Paradiso<\/p>\n<p><a href=\"tel:0041919852828\"><strong>+41 91 985 28 28<\/strong><\/a><br \/>\n<a href=\"mailto:info@montesansalvatore.ch\"><strong>info@montesansalvatore.ch<\/strong><\/a><\/p>\n<\/div><\/div><\/div><div class=\"fusion-layout-column fusion_builder_column_inner fusion-builder-nested-column-1 fusion_builder_column_inner_1_2 1_2 fusion-flex-column\" style=\"--awb-bg-size:cover;--awb-width-large:50%;--awb-margin-top-large:0px;--awb-spacing-right-large:4.75%;--awb-margin-bottom-large:20px;--awb-spacing-left-large:4.75%;--awb-width-medium:50%;--awb-order-medium:0;--awb-spacing-right-medium:4.75%;--awb-spacing-left-medium:4.75%;--awb-width-small:100%;--awb-order-small:0;--awb-spacing-right-small:2.375%;--awb-spacing-left-small:2.375%;\" data-scroll-devices=\"small-visibility,medium-visibility,large-visibility\"><div class=\"fusion-column-wrapper fusion-column-has-shadow fusion-flex-justify-content-flex-start fusion-content-layout-column\"><div class=\"fusion-text fusion-text-4\"><h3>Links und Downloads<\/h3>\n<p><a href=\"\/wp-content\/uploads\/2025\/02\/a2_origini_ssalv.pdf\" target=\"_blank\" rel=\"noopener\"><strong>Prospekt Herunterladen (PDF)<\/strong><\/a><\/p>\n<\/div><\/div><\/div><\/div><\/div><\/div><\/div><\/div><\/p>\n","protected":false},"excerpt":{"rendered":"","protected":false},"author":1,"featured_media":4620,"parent":5553,"menu_order":0,"comment_status":"closed","ping_status":"closed","template":"100-width.php","meta":{"footnotes":""},"class_list":["post-5547","page","type-page","status-publish","has-post-thumbnail","hentry"],"publishpress_future_workflow_manual_trigger":{"enabledWorkflows":[]},"_links":{"self":[{"href":"https:\/\/www.montesansalvatore.ch\/de\/wp-json\/wp\/v2\/pages\/5547","targetHints":{"allow":["GET"]}}],"collection":[{"href":"https:\/\/www.montesansalvatore.ch\/de\/wp-json\/wp\/v2\/pages"}],"about":[{"href":"https:\/\/www.montesansalvatore.ch\/de\/wp-json\/wp\/v2\/types\/page"}],"author":[{"embeddable":true,"href":"https:\/\/www.montesansalvatore.ch\/de\/wp-json\/wp\/v2\/users\/1"}],"replies":[{"embeddable":true,"href":"https:\/\/www.montesansalvatore.ch\/de\/wp-json\/wp\/v2\/comments?post=5547"}],"version-history":[{"count":3,"href":"https:\/\/www.montesansalvatore.ch\/de\/wp-json\/wp\/v2\/pages\/5547\/revisions"}],"predecessor-version":[{"id":6078,"href":"https:\/\/www.montesansalvatore.ch\/de\/wp-json\/wp\/v2\/pages\/5547\/revisions\/6078"}],"up":[{"embeddable":true,"href":"https:\/\/www.montesansalvatore.ch\/de\/wp-json\/wp\/v2\/pages\/5553"}],"wp:featuredmedia":[{"embeddable":true,"href":"https:\/\/www.montesansalvatore.ch\/de\/wp-json\/wp\/v2\/media\/4620"}],"wp:attachment":[{"href":"https:\/\/www.montesansalvatore.ch\/de\/wp-json\/wp\/v2\/media?parent=5547"}],"curies":[{"name":"wp","href":"https:\/\/api.w.org\/{rel}","templated":true}]}}